{"id":755,"date":"2020-04-29T20:28:10","date_gmt":"2020-04-29T20:28:10","guid":{"rendered":"https:\/\/www.seguridadviaip.com.ar\/WP\/?page_id=755"},"modified":"2020-04-30T19:23:31","modified_gmt":"2020-04-30T19:23:31","slug":"camaras-deteccion-temperatura-corporal-fiebre","status":"publish","type":"page","link":"https:\/\/www.seguridadviaip.com.ar\/WP\/camaras-deteccion-temperatura-corporal-fiebre\/","title":{"rendered":"C\u00e1maras para detecci\u00f3n de temperatura corporal : Fiebre"},"content":{"rendered":"<p>Las soluciones termogr\u00e1ficas para la detecci\u00f3n de temperatura suponen una soluci\u00f3n de medici\u00f3n y prevenci\u00f3n\u00a0extremadamente efectiva. Hikvision dispone de una amplia gama de dispositivos capaces de adaptarse a las distintas necesidades y escenarios; Desde c\u00e1maras termogr\u00e1ficas tipo Bullet DS-2TD2637B-10\/P, DS-2TD2636B-15\/P, las termogr\u00e1ficas de mano para la detecci\u00f3n de fiebre TP21B hasta la tecnolog\u00eda Bi-Spectrum desarrollada por la compa\u00f1\u00eda. A continuaci\u00f3n detallamos m\u00e1s detalles sobre estas soluciones termogr\u00e1ficas.<\/p>\n<figure id=\"attachment_758\" aria-describedby=\"caption-attachment-758\" style=\"width: 1000px\" class=\"wp-caption alignnone\"><img loading=\"lazy\" decoding=\"async\" class=\"wp-image-758 size-full\" title=\"C\u00e1maras term\u00f3graficas detecci\u00f3n de fiebre\" src=\"https:\/\/www.seguridadviaip.com.ar\/WP\/wp-content\/uploads\/2020\/04\/C\u00e1maras-term\u00f3graficas-detecci\u00f3n-de-fiebre.jpg\" alt=\"C\u00e1maras term\u00f3graficas detecci\u00f3n de fiebre\" width=\"1000\" height=\"700\" srcset=\"https:\/\/www.seguridadviaip.com.ar\/WP\/wp-content\/uploads\/2020\/04\/C\u00e1maras-term\u00f3graficas-detecci\u00f3n-de-fiebre.jpg 1000w, https:\/\/www.seguridadviaip.com.ar\/WP\/wp-content\/uploads\/2020\/04\/C\u00e1maras-term\u00f3graficas-detecci\u00f3n-de-fiebre-300x210.jpg 300w, https:\/\/www.seguridadviaip.com.ar\/WP\/wp-content\/uploads\/2020\/04\/C\u00e1maras-term\u00f3graficas-detecci\u00f3n-de-fiebre-768x538.jpg 768w\" sizes=\"auto, (max-width: 1000px) 100vw, 1000px\" \/><figcaption id=\"caption-attachment-758\" class=\"wp-caption-text\">C\u00e1maras term\u00f3graficas detecci\u00f3n de fiebre<\/figcaption><\/figure>\n<p>La principal diferencia entre los distintos dispositivos disponibles estriba en la resoluci\u00f3n y sobre todo, en la distancia focal. Este \u00faltimo aspecto es relevante dado que condicionar\u00e1 la forma de instalaci\u00f3n de la c\u00e1mara y su funcionalidad.<\/p>\n<p>Las c\u00e1maras termogr\u00e1ficas tipo Bullet DS-2TD2637B-10\/P, DS-2TD2636B-15\/P con un sensor t\u00e9rmico 384 \u00d7 288, lente de 10\/15 mm, y una \u00f3ptica visible de 4\/6mm, ofrecen un rango de detecci\u00f3n de largo alcance, llegando hasta los 9 metros. Esto permite su colocaci\u00f3n como cualquier otra c\u00e1mara, convirti\u00e9ndose en una soluci\u00f3n ideal de control y an\u00e1lisis preliminar en los principales accesos o entradas a cualquier instalaci\u00f3n. Adem\u00e1s, hay que tener en cuenta que su capacidad de detecci\u00f3n de hasta 30 personas a la vez.<\/p>\n<p>Las c\u00e1maras termogr\u00e1ficas en formato Bullet DS-2TD2617B-3\/6PA(B), o Minidomo DS-2TD1217B-3\/6PA(B), con un sensor t\u00e9rmico 160 \u00d7 120, lente de 3\/6 mm, y una \u00f3ptica visible de 4\/8mm, ofrecen un rango de detecci\u00f3n de hasta 3 metros (con lente de 6mm), o 1,5 m (con lente 3 mm). En ambos casos, la altura de instalaci\u00f3n recomendada es de 1,5m. Los dos equipos utilizados conjuntamente con un tr\u00edpode, permiten la habilitaci\u00f3n de un puesto de control en cualquier escenario seg\u00fan necesidades del cliente y la situaci\u00f3n.<\/p>\n<p>Finalmente, las c\u00e1maras termogr\u00e1ficas de mano para la detecci\u00f3n de fiebre TP21B, suponen una soluci\u00f3n port\u00e1til sencilla y tremendamente efectiva, sobre todo si se compara con otras soluciones alternativas como pudiera ser un term\u00f3metro.<\/p>\n<p>Estos dispositivos permiten una distancia de 1.5-2.5 m, de forma que se evita el contacto f\u00edsico entre el operador y la persona objetivo. Son muy f\u00e1ciles de usar, dado que a trav\u00e9s de la pantalla t\u00e1ctil se muestran las im\u00e1genes, y solo se necesita leer el valor m\u00e1ximo que aparece. En cuanto a eficiencia, permite la detecci\u00f3n de 60 personas \/minuto, incluyendo un flujo de personas en movimiento. Se trata de una soluci\u00f3n flexible capaz de integrarse con un PC\/Cliente m\u00f3vil, con Wi-Fi, y capacidad para el almacenamiento de capturas de pantalla y videos.<\/p>\n<h3>Precisi\u00f3n<\/h3>\n<p>El rango de precisi\u00f3n de las c\u00e1maras de detecci\u00f3n de temperatura de Hikvision es de \u00b10.5\u2103. Usando un calibrador Blackbody juntamente con las c\u00e1maras en formato bullet o minidomo, se mejora el nivel de precisi\u00f3n llegando a un rango de \u00b1 0.3\u2103.<\/p>\n<h3>Inteligencia artificial<\/h3>\n<p>Gracias a la inteligencia artificial y a la implementaci\u00f3n de algoritmos de deep learning desarrollados por Hikvision, estos dispositivos destacan por las altas prestaciones que ofrecen:<\/p>\n<p>Detecci\u00f3n de personas para evitar falsas alarmas que pueden generar otras fuentes de calor<br \/>\nDetecci\u00f3n de temperatura corporal de varias personas en movimiento<br \/>\nGeneraci\u00f3n de alarmas por excepci\u00f3n de temperatura en tiempo real para una r\u00e1pida detecci\u00f3n<\/p>\n<h3>Tecnolog\u00eda Bi-Spectrum<\/h3>\n<p>La tecnolog\u00eda Bi-Spectrum de Hikvision permite visualizar im\u00e1genes visibles y t\u00e9rmicas en formato \u201cPicture in Picture\u201d, o mediante la fusi\u00f3n de im\u00e1genes de doble espectro, que crea una imagen hibrida \u00fanica que proporciona detalles adicionales que permiten una detecci\u00f3n y una toma de decisi\u00f3n m\u00e1s precisa.<\/p>\n","protected":false},"excerpt":{"rendered":"<p>Las soluciones termogr\u00e1ficas para la detecci\u00f3n de temperatura suponen una soluci\u00f3n de medici\u00f3n y prevenci\u00f3n\u00a0extremadamente efectiva. Hikvision dispone de una amplia gama de dispositivos capaces de adaptarse a las distintas necesidades y escenarios; Desde c\u00e1maras termogr\u00e1ficas tipo Bullet DS-2TD2637B-10\/P, DS-2TD2636B-15\/P,<\/p>\n","protected":false},"author":1,"featured_media":763,"parent":0,"menu_order":0,"comment_status":"closed","ping_status":"closed","template":"","meta":{"_joinchat":[],"footnotes":""},"class_list":["post-755","page","type-page","status-publish","has-post-thumbnail","hentry"],"jetpack-related-posts":[],"jetpack_sharing_enabled":true,"_links":{"self":[{"href":"https:\/\/www.seguridadviaip.com.ar\/WP\/wp-json\/wp\/v2\/pages\/755","targetHints":{"allow":["GET"]}}],"collection":[{"href":"https:\/\/www.seguridadviaip.com.ar\/WP\/wp-json\/wp\/v2\/pages"}],"about":[{"href":"https:\/\/www.seguridadviaip.com.ar\/WP\/wp-json\/wp\/v2\/types\/page"}],"author":[{"embeddable":true,"href":"https:\/\/www.seguridadviaip.com.ar\/WP\/wp-json\/wp\/v2\/users\/1"}],"replies":[{"embeddable":true,"href":"https:\/\/www.seguridadviaip.com.ar\/WP\/wp-json\/wp\/v2\/comments?post=755"}],"version-history":[{"count":5,"href":"https:\/\/www.seguridadviaip.com.ar\/WP\/wp-json\/wp\/v2\/pages\/755\/revisions"}],"predecessor-version":[{"id":762,"href":"https:\/\/www.seguridadviaip.com.ar\/WP\/wp-json\/wp\/v2\/pages\/755\/revisions\/762"}],"wp:featuredmedia":[{"embeddable":true,"href":"https:\/\/www.seguridadviaip.com.ar\/WP\/wp-json\/wp\/v2\/media\/763"}],"wp:attachment":[{"href":"https:\/\/www.seguridadviaip.com.ar\/WP\/wp-json\/wp\/v2\/media?parent=755"}],"curies":[{"name":"wp","href":"https:\/\/api.w.org\/{rel}","templated":true}]}}