{"id":690,"date":"2019-08-24T16:07:42","date_gmt":"2019-08-24T16:07:42","guid":{"rendered":"https:\/\/www.seguridadviaip.com.ar\/WP\/?p=690"},"modified":"2019-08-25T14:26:29","modified_gmt":"2019-08-25T14:26:29","slug":"instalacion-de-camaras-de-seguridad-en-garages","status":"publish","type":"page","link":"https:\/\/www.seguridadviaip.com.ar\/WP\/instalacion-de-camaras-de-seguridad-en-garages\/","title":{"rendered":"Instalacion de camaras de seguridad en Garages"},"content":{"rendered":"<h2>Instalacion de camaras de seguridad en garages<\/h2>\n<p>La instalacion de camaras de seguridad en garages o cocheras es un excelente complemento no solo para los due\u00f1os del lugar que pueden bajar considerablemente el valor de su seguro contra todo riesgo, sino tambi\u00e9n para los propietarios de los autom\u00f3viles que tienen, en algunos casos, grandes capitales invertidos en sus veh\u00edculos.<\/p>\n<p><img loading=\"lazy\" decoding=\"async\" class=\"alignnone wp-image-693 size-full\" src=\"https:\/\/www.seguridadviaip.com.ar\/WP\/wp-content\/uploads\/2019\/08\/instalacion-de-camaras-de-seguridad-en-garages.jpg\" alt=\"\" width=\"800\" height=\"533\" srcset=\"https:\/\/www.seguridadviaip.com.ar\/WP\/wp-content\/uploads\/2019\/08\/instalacion-de-camaras-de-seguridad-en-garages.jpg 800w, https:\/\/www.seguridadviaip.com.ar\/WP\/wp-content\/uploads\/2019\/08\/instalacion-de-camaras-de-seguridad-en-garages-300x200.jpg 300w, https:\/\/www.seguridadviaip.com.ar\/WP\/wp-content\/uploads\/2019\/08\/instalacion-de-camaras-de-seguridad-en-garages-768x512.jpg 768w\" sizes=\"auto, (max-width: 800px) 100vw, 800px\" \/><\/p>\n<h3>Beneficios de las c\u00e1maras de seguridad\u00a0en\u00a0garages<\/h3>\n<p><img loading=\"lazy\" decoding=\"async\" class=\"alignnone wp-image-90 size-full\" title=\"Instalaci\u00f3n de c\u00e1maras de seguridad en dep\u00f3sitos\" src=\"http:\/\/www.seguridadviaip.com.ar\/WP\/wp-content\/uploads\/2016\/10\/checkmark_korganizer2.png\" alt=\"\" width=\"20\" height=\"20\" \/><strong>Accidentes de golpe y fuga<\/strong><\/p>\n<p>Los accidentes de atropello y fuga ocurren cuando un autom\u00f3vil choca con otro autom\u00f3vil, y luego el propietario del autom\u00f3vil que caus\u00f3 el accidente se aleja de la escena del accidente. El lugar m\u00e1s com\u00fan para que ocurran accidentes de golpe y fuga es en los estacionamientos.<br \/>\nAl tener algunas c\u00e1maras de seguridad de reconocimiento de matr\u00edculas bien posicionadas, puede ahorrarse muchos problemas a usted u otros cuando es v\u00edctima de accidentes automovil\u00edsticos de golpe y fuga.<\/p>\n<p><img loading=\"lazy\" decoding=\"async\" class=\"alignnone wp-image-90 size-full\" title=\"Instalaci\u00f3n de c\u00e1maras de seguridad en dep\u00f3sitos\" src=\"http:\/\/www.seguridadviaip.com.ar\/WP\/wp-content\/uploads\/2016\/10\/checkmark_korganizer2.png\" alt=\"\" width=\"20\" height=\"20\" \/><strong>Disuadir e identificar ladrones<\/strong><\/p>\n<p>Subirse a un autom\u00f3vil no es un proceso dif\u00edcil si est\u00e1 dispuesto a cometer un delito y tiene algo que puede usar para romper vidrios.<br \/>\nLas c\u00e1maras de seguridad, si se colocan en posiciones obvias y visibles, pueden disuadir a los delincuentes de romper ventanas en el estacionamiento en el que est\u00e1 estacionado, e incluso pueden identificar a los delincuentes despu\u00e9s de que se haya cometido el delito.<\/p>\n<p><img loading=\"lazy\" decoding=\"async\" class=\"alignnone wp-image-90 size-full\" title=\"Instalaci\u00f3n de c\u00e1maras de seguridad en dep\u00f3sitos\" src=\"http:\/\/www.seguridadviaip.com.ar\/WP\/wp-content\/uploads\/2016\/10\/checkmark_korganizer2.png\" alt=\"\" width=\"20\" height=\"20\" \/>\u00a0<strong>Arresto de traficantes de drogas y otros delincuentes<\/strong><\/p>\n<p>Al igual que los golpes y huidas, los tratos de drogas pueden ser una ocurrencia muy com\u00fan en los estacionamientos, especialmente en los estacionamientos minoristas. Instalar c\u00e1maras de seguridad visibles en un estacionamiento es una buena manera de disuadir esta actividad y proporcionar evidencia si est\u00e1 sucediendo en el estacionamiento.<\/p>\n<p>&nbsp;<\/p>\n<h3>Nuestros Clientes con c\u00e1maras de seguridad en\u00a0garages<\/h3>\n<p><img loading=\"lazy\" decoding=\"async\" class=\"alignnone size-full wp-image-695\" src=\"https:\/\/www.seguridadviaip.com.ar\/WP\/wp-content\/uploads\/2019\/08\/garagecentenera.jpg\" alt=\"instalacion de camaras de seguridad en garages\" width=\"100\" height=\"100\" \/><br \/>\n<strong>Garage Costa del Sol<br \/>\nSan Cristobal CABA<\/strong><br \/>\nInstalaci\u00f3n de 8 c\u00e1maras IP\u00a0hd &#8211; Soporte y servicio t\u00e9cnico de c\u00e1maras de seguridad IP<br \/>\n<strong>Necesidad:<\/strong> Instalar un sistema de c\u00e1maras de seguridad era la necesidad de los due\u00f1os del lugar, un sistema que adem\u00e1s sea robusto y que cubra todos los aspectos de visualizaci\u00f3n.<\/p>\n<p><img loading=\"lazy\" decoding=\"async\" class=\"alignnone size-full wp-image-695\" src=\"https:\/\/www.seguridadviaip.com.ar\/WP\/wp-content\/uploads\/2019\/08\/garagecentenera.jpg\" alt=\"instalacion de camaras de seguridad en garages\" width=\"100\" height=\"100\" \/><br \/>\n<strong>Garage Centenera<br \/>\nSoldati CABA<\/strong><br \/>\n<span class=\"Texto2\">Servicio T\u00e9cnico de C\u00e1maras de Seguridad- Abono mensual de c\u00e1maras de seguridad.<br \/>\nc\u00e1maras de seguridad por Internet<\/span><span class=\"style20\">.<\/span><br \/>\n<span class=\"style17\"><strong>Necesidad:<\/strong><\/span>\u00a0Tener un servicio t\u00e9cnico de c\u00e1maras de seguridad que acuda a las 24 Hs de echo el reclamo y contar con un abono mensual por sus c\u00e1maras y su servidor de grabaci\u00f3n<br \/>\n<span class=\"style17\"><strong>Soluci\u00f3n:<\/strong><\/span>\u00a0Se pacto un abono t\u00e9cnico mensual de c\u00e1maras de seguridad que nos permite tener controlado remotamente el servidor de grabaci\u00f3n para poder, una vez por mes, o cuando se requiera hacer un mantenimiento del equipo<\/p>\n<p><img loading=\"lazy\" decoding=\"async\" class=\"alignnone size-full wp-image-695\" src=\"https:\/\/www.seguridadviaip.com.ar\/WP\/wp-content\/uploads\/2019\/08\/garagecentenera.jpg\" alt=\"instalacion de camaras de seguridad en garages\" width=\"100\" height=\"100\" \/><br \/>\n<strong>Consorcio de Propietarios Eva Per\u00f3n 1071<br \/>\nParque Chacabuco CABA<\/strong><br \/>\nC\u00e1maras de seguridad en Edificios. Instalaci\u00f3n de c\u00e1maras de seguridad en Cocheras de edificios.<span class=\"style20\">\u00a0Control de acceso para cocheras de edificios. Control de acceso para edificios, instalaci\u00f3n y soporte t\u00e9cnico.<br \/>\n<strong>Trabajos Realizados:<\/strong>\u00a0Instalaci\u00f3n de 8 c\u00e1maras CCTV, m\u00e1s servidor (DVR) para control de cocheras y rampas a trav\u00e9s de Internet. Instalaci\u00f3n de c\u00e1maras de seguridad para cocheras de edificios, Control de acceso para cocheras de edificios mediante c\u00e1maras de seguridad.<\/span><\/p>\n<p><img loading=\"lazy\" decoding=\"async\" class=\"alignnone size-full wp-image-695\" src=\"https:\/\/www.seguridadviaip.com.ar\/WP\/wp-content\/uploads\/2019\/08\/garagecentenera.jpg\" alt=\"instalacion de camaras de seguridad en garages\" width=\"100\" height=\"100\" \/><\/p>\n<p><strong>Cabildo GNC<\/strong><br \/>\n<strong>Polvorines &#8211; Zona Noroeste<br \/>\n<\/strong>Instalaci\u00f3n de c\u00e1maras de seguridad en estaciones de servicio. Soporte t\u00e9cnico de c\u00e1maras de seguridad para estaciones de servicio, servicio t\u00e9cnico de c\u00e1maras.<br \/>\nReparaci\u00f3n y puesta en funcionamiento de sistema de c\u00e1maras de seguridad deficiente previamente instalado. Asesoramiento y re-ubicaci\u00f3n de c\u00e1maras de seguridad, sistema CCTV. Transmisi\u00f3n de se\u00f1al de c\u00e1maras de seguridad mediante Internet.<\/p>\n<p><img loading=\"lazy\" decoding=\"async\" class=\"alignnone size-full wp-image-695\" src=\"https:\/\/www.seguridadviaip.com.ar\/WP\/wp-content\/uploads\/2019\/08\/garagecentenera.jpg\" alt=\"instalacion de camaras de seguridad en garages\" width=\"100\" height=\"100\" \/><\/p>\n<p><strong>Los Especialistas<\/strong><br \/>\n<strong>Lavadero de Autos La Pampa 5499<br \/>\n<\/strong>C\u00e1maras de Seguridad &#8211; Instalaci\u00f3n en Capital &#8211; Devoto &#8211; C\u00e1maras de seguridad para Lavaderos de Autom\u00f3viles<br \/>\nTrabajos Realizados:\u00a0Instalaci\u00f3n de c\u00e1maras de seguridad en Lavadero de Autos para control de personal &#8211; Instalaci\u00f3n de DVR con placa GV para visualizaci\u00f3n desde Internet &#8211; Mejora de Atenci\u00f3n al cliente mediante control con c\u00e1maras desde Internet &#8211; Mejora de atenci\u00f3n de reclamos mediante grabaciones accesibles desde Internet.<\/p>\n<p><img loading=\"lazy\" decoding=\"async\" class=\"alignnone size-full wp-image-695\" src=\"https:\/\/www.seguridadviaip.com.ar\/WP\/wp-content\/uploads\/2019\/08\/garagecentenera.jpg\" alt=\"instalacion de camaras de seguridad en garages\" width=\"100\" height=\"100\" \/><br \/>\n<strong>Garage Directorio 64<\/strong><br \/>\nServicio T\u00e9cnico de c\u00e1maras de Seguridad para Garages y estacionamientos, Instalaci\u00f3n de control de acceso para garage y estacionamientos<br \/>\n<strong>Trabajos Realizados:<\/strong>\u00a0Soporte t\u00e9cnico de sistema de seguridad de c\u00e1maras CCTV, Instalaci\u00f3n y servicio t\u00e9cnico de c\u00e1maras de seguridad en garages, estacionamientos en Boedo, Caballito, Soporte t\u00e9cnico de control de acceso de veh\u00edculos mediante c\u00e1maras de seguridad.<\/p>\n<p><img loading=\"lazy\" decoding=\"async\" class=\"alignnone size-full wp-image-695\" src=\"https:\/\/www.seguridadviaip.com.ar\/WP\/wp-content\/uploads\/2019\/08\/garagecentenera.jpg\" alt=\"instalacion de camaras de seguridad en garages\" width=\"100\" height=\"100\" \/><\/p>\n<p><strong>Puerto Deseado Guarder\u00eda N\u00e1utica<br \/>\n<\/strong>Instalaci\u00f3n de c\u00e1maras de seguridad en guarder\u00edas n\u00e1uticas. Instalaci\u00f3n y soporte de c\u00e1maras de seguridad en astilleros.<br \/>\n<strong>Trabajos Realizados:\u00a0<\/strong>Instalaci\u00f3n de c\u00e1maras CCTV y DVRs en para control de movimiento de puente grua. Instalaci\u00f3n de c\u00e1maras de seguridad para control de ascensores. Instalaci\u00f3n de c\u00e1maras IP para visualizaci\u00f3n de canal, control de viento, y nivel de agua para la navegaci\u00f3n.<\/p>\n<p><img loading=\"lazy\" decoding=\"async\" class=\"alignnone size-full wp-image-695\" src=\"https:\/\/www.seguridadviaip.com.ar\/WP\/wp-content\/uploads\/2019\/08\/garagecentenera.jpg\" alt=\"instalacion de camaras de seguridad en garages\" width=\"100\" height=\"100\" \/><br \/>\n<strong>Garage Realic\u00f3<\/strong><br \/>\nInstalaci\u00f3n y puesta en marcha de sistema de c\u00e1maras de seguridad en garages y estacionamientos. Zona Centro, Tribunales<br \/>\nTrabajos Realizados: Instalaci\u00f3n de sistema de c\u00e1maras de seguridad para control de cocheras, entrada y salida de veh\u00edculos, control de rampa y control de personal.<\/p>\n<p><img loading=\"lazy\" decoding=\"async\" class=\"alignnone size-full wp-image-695\" src=\"https:\/\/www.seguridadviaip.com.ar\/WP\/wp-content\/uploads\/2019\/08\/garagecentenera.jpg\" alt=\"instalacion de camaras de seguridad en garages\" width=\"100\" height=\"100\" \/><br \/>\n<strong>Viamonte 666<\/strong><br \/>\nServicio t\u00e9cnico de c\u00e1maras de seguridad para garages y estacionamiento zona Centro<br \/>\n<strong>Trabajos Realziados:\u00a0<\/strong>Servicio t\u00e9cnico de DVR. Recambio de DVR por falla del mismo. Centralizaci\u00f3n de DVRS Dahua. Configuraci\u00f3n de sistema de c\u00e1maras para salida de im\u00e1genes por Internet.<\/p>\n<p><img loading=\"lazy\" decoding=\"async\" class=\"alignnone size-full wp-image-695\" src=\"https:\/\/www.seguridadviaip.com.ar\/WP\/wp-content\/uploads\/2019\/08\/garagecentenera.jpg\" alt=\"instalacion de camaras de seguridad en garages\" width=\"100\" height=\"100\" \/><br \/>\n<strong>Garage Cervantes<\/strong>\u00a0846<br \/>\nInstalaci\u00f3n de sistema de seguridad con c\u00e1maras en garages y estacionamientos. Abonos mensuales, soporte de c\u00e1maras IP<br \/>\n<strong>Trabajos Realizados:\u00a0<\/strong>Instalaci\u00f3n de sistema de c\u00e1maras de seguridad para control de cocheras, entradas y salidas de rampas, control de empleados con c\u00e1maras de seguridad desde Internet.<\/p>\n<hr \/>\n<p><a href=\"https:\/\/www.facebook.com\/pg\/seguridadviaip\/photos\/?tab=albums&amp;ref=page_internal\" target=\"_blank\" rel=\"noopener noreferrer\">Mir\u00e1 todos nuestros trabajos en Instalaci\u00f3n de c\u00e1maras de seguridad<\/a><\/p>\n","protected":false},"excerpt":{"rendered":"<p>Instalacion de camaras de seguridad en garages La instalacion de camaras de seguridad en garages o cocheras es un excelente complemento no solo para los due\u00f1os del lugar que pueden bajar considerablemente el valor de su seguro contra todo riesgo,<\/p>\n","protected":false},"author":1,"featured_media":693,"parent":0,"menu_order":0,"comment_status":"open","ping_status":"open","template":"","meta":{"_joinchat":[],"footnotes":""},"class_list":["post-690","page","type-page","status-publish","has-post-thumbnail","hentry"],"jetpack-related-posts":[],"jetpack_sharing_enabled":true,"_links":{"self":[{"href":"https:\/\/www.seguridadviaip.com.ar\/WP\/wp-json\/wp\/v2\/pages\/690","targetHints":{"allow":["GET"]}}],"collection":[{"href":"https:\/\/www.seguridadviaip.com.ar\/WP\/wp-json\/wp\/v2\/pages"}],"about":[{"href":"https:\/\/www.seguridadviaip.com.ar\/WP\/wp-json\/wp\/v2\/types\/page"}],"author":[{"embeddable":true,"href":"https:\/\/www.seguridadviaip.com.ar\/WP\/wp-json\/wp\/v2\/users\/1"}],"replies":[{"embeddable":true,"href":"https:\/\/www.seguridadviaip.com.ar\/WP\/wp-json\/wp\/v2\/comments?post=690"}],"version-history":[{"count":5,"href":"https:\/\/www.seguridadviaip.com.ar\/WP\/wp-json\/wp\/v2\/pages\/690\/revisions"}],"predecessor-version":[{"id":692,"href":"https:\/\/www.seguridadviaip.com.ar\/WP\/wp-json\/wp\/v2\/pages\/690\/revisions\/692"}],"wp:featuredmedia":[{"embeddable":true,"href":"https:\/\/www.seguridadviaip.com.ar\/WP\/wp-json\/wp\/v2\/media\/693"}],"wp:attachment":[{"href":"https:\/\/www.seguridadviaip.com.ar\/WP\/wp-json\/wp\/v2\/media?parent=690"}],"curies":[{"name":"wp","href":"https:\/\/api.w.org\/{rel}","templated":true}]}}