{"id":638,"date":"2019-06-23T14:54:24","date_gmt":"2019-06-23T14:54:24","guid":{"rendered":"https:\/\/www.seguridadviaip.com.ar\/WP\/?page_id=638"},"modified":"2019-08-24T15:23:08","modified_gmt":"2019-08-24T15:23:08","slug":"camaras-de-seguridad-hd","status":"publish","type":"page","link":"https:\/\/www.seguridadviaip.com.ar\/WP\/camaras-de-seguridad-hd\/","title":{"rendered":"C\u00e1maras de seguridad HD"},"content":{"rendered":"<div class=\"wpb-content-wrapper\"><p>[vc_row][vc_column][vc_column_text]<\/p>\n<h2 style=\"text-align: center;\">C\u00c1MARAS DE SEGURIDAD<\/h2>\n<p style=\"text-align: center;\">Integramos distintos sistemas de c\u00e1maras de seguridad. Marcas como dahua, Hikvisi\u00f3n, Videotronik son soportadas por nuestra empresa. A continuaci\u00f3n Los distintos modelos que usamos para nuestras instalaciones.<\/p>\n<p>[\/vc_column_text][vc_column_text]<\/p>\n<h3 style=\"text-align: center;\">C\u00c1MARAS DE SEGURIDAD TIPO DOMO<\/h3>\n<p>[\/vc_column_text][vc_row_inner][vc_column_inner width=\u00bb1\/3&#8243;][vc_single_image image=\u00bb642&#8243; img_size=\u00bb268 \u00d7 257&#8243; alignment=\u00bbcenter\u00bb onclick=\u00bblink_image\u00bb][vc_column_text]<\/p>\n<h3 style=\"text-align: center;\"><strong>HAC-HDW1000M<\/strong><\/h3>\n<p style=\"text-align: center;\"><span class=\"txt_base_resalta\">Domo IR 20 mts de alcance. HDCVI-TVI-AHD-PAL 1200TVL 25 FPS. 3Lux Color, 0 lux bn. Gabinete Metali<\/span><\/p>\n<p>[\/vc_column_text][\/vc_column_inner][vc_column_inner width=\u00bb1\/3&#8243;][vc_single_image image=\u00bb645&#8243; img_size=\u00bb268 \u00d7 257&#8243; alignment=\u00bbcenter\u00bb onclick=\u00bblink_image\u00bb][vc_column_text]<\/p>\n<h3 style=\"text-align: center;\"><strong>HAC-HDW1100EM-A<\/strong><\/h3>\n<p style=\"text-align: center;\">Domo Eyeball de 1 Mp HDCVI con IR. \u00b7 Max 30 cps@720P. \u00b7 Salida conmutable entre HD y SD. \u00b7 Lente fijo de 3.6 mm<\/p>\n<p>[\/vc_column_text][\/vc_column_inner][vc_column_inner width=\u00bb1\/3&#8243;][vc_single_image image=\u00bb649&#8243; img_size=\u00bb268 \u00d7 257&#8243; alignment=\u00bbcenter\u00bb onclick=\u00bblink_image\u00bb][vc_column_text]<\/p>\n<h3 style=\"text-align: center;\"><strong>HAC-HDBW2220F<\/strong><\/h3>\n<p>DH-HAC-HDBW2220F. 2.4Megapixel 1080P Vandal-proof IR HDCVI Mini Dome Camera. Features. \u25cb. 1\/2.8&#8243; 2.4Megapixel CMOS. \u25cb. 25\/30fps@1080P[\/vc_column_text][\/vc_column_inner][\/vc_row_inner][vc_column_text]<\/p>\n<h3 style=\"text-align: center;\">C\u00c1MARAS DE SEGURIDAD TIPO\u00a0BULLET<\/h3>\n<p>[\/vc_column_text][vc_row_inner][vc_column_inner width=\u00bb1\/3&#8243;][vc_single_image image=\u00bb659&#8243; img_size=\u00bb268 \u00d7 257&#8243; alignment=\u00bbcenter\u00bb onclick=\u00bblink_image\u00bb][vc_column_text]<\/p>\n<h3 style=\"text-align: center;\"><strong>HAC-HFW1000R-S3<\/strong><\/h3>\n<p>Bullet IR 20 mts, 1200TVL 25 FPS. Lente 2,8 mm. Apta exterior IP66. HDCVI-TVI-AHD-PAL Gabinete Plastico[\/vc_column_text][\/vc_column_inner][vc_column_inner width=\u00bb1\/3&#8243;][vc_single_image image=\u00bb661&#8243; img_size=\u00bb268 \u00d7 257&#8243; alignment=\u00bbcenter\u00bb onclick=\u00bblink_image\u00bb][vc_column_text]<\/p>\n<h3 style=\"text-align: center;\"><strong>HAC-HFW1200D<\/strong><\/h3>\n<p style=\"text-align: center;\">Bullet IR 80 mts de alcance. 1900TVL Full HD 1080p 25 FPS. Lente 3.6mm. Apta intemperie IP66<\/p>\n<p>[\/vc_column_text][\/vc_column_inner][vc_column_inner width=\u00bb1\/3&#8243;][vc_single_image image=\u00bb663&#8243; img_size=\u00bb268 \u00d7 257&#8243; alignment=\u00bbcenter\u00bb onclick=\u00bblink_image\u00bb][vc_column_text]<\/p>\n<h3 style=\"text-align: center;\"><strong>HAC-HFW1200R-VF<\/strong><\/h3>\n<p style=\"text-align: center;\">Bullet IR 20 mts de alcance. 1900TVL Full HD 1080p 25 FPS. Lente Varifocal 2.8-12mm. Apta intemperie IP66. Met\u00e1lica.<\/p>\n<p>[\/vc_column_text][\/vc_column_inner][\/vc_row_inner][\/vc_column][\/vc_row][vc_row][vc_column][\/vc_column][\/vc_row]<\/p>\n<\/div>","protected":false},"excerpt":{"rendered":"<p>[vc_row][vc_column][vc_column_text] C\u00c1MARAS DE SEGURIDAD Integramos distintos sistemas de c\u00e1maras de seguridad. Marcas como dahua, Hikvisi\u00f3n, Videotronik son soportadas por nuestra empresa. A continuaci\u00f3n Los distintos modelos que usamos para nuestras instalaciones. [\/vc_column_text][vc_column_text] C\u00c1MARAS DE SEGURIDAD TIPO DOMO [\/vc_column_text][vc_row_inner][vc_column_inner width=\u00bb1\/3&#8243;][vc_single_image image=\u00bb642&#8243;<\/p>\n","protected":false},"author":1,"featured_media":0,"parent":0,"menu_order":0,"comment_status":"closed","ping_status":"closed","template":"","meta":{"jetpack_post_was_ever_published":false,"_joinchat":[],"footnotes":""},"class_list":["post-638","page","type-page","status-publish","hentry"],"jetpack-related-posts":[],"jetpack_sharing_enabled":true,"_links":{"self":[{"href":"https:\/\/www.seguridadviaip.com.ar\/WP\/wp-json\/wp\/v2\/pages\/638","targetHints":{"allow":["GET"]}}],"collection":[{"href":"https:\/\/www.seguridadviaip.com.ar\/WP\/wp-json\/wp\/v2\/pages"}],"about":[{"href":"https:\/\/www.seguridadviaip.com.ar\/WP\/wp-json\/wp\/v2\/types\/page"}],"author":[{"embeddable":true,"href":"https:\/\/www.seguridadviaip.com.ar\/WP\/wp-json\/wp\/v2\/users\/1"}],"replies":[{"embeddable":true,"href":"https:\/\/www.seguridadviaip.com.ar\/WP\/wp-json\/wp\/v2\/comments?post=638"}],"version-history":[{"count":5,"href":"https:\/\/www.seguridadviaip.com.ar\/WP\/wp-json\/wp\/v2\/pages\/638\/revisions"}],"predecessor-version":[{"id":666,"href":"https:\/\/www.seguridadviaip.com.ar\/WP\/wp-json\/wp\/v2\/pages\/638\/revisions\/666"}],"wp:attachment":[{"href":"https:\/\/www.seguridadviaip.com.ar\/WP\/wp-json\/wp\/v2\/media?parent=638"}],"curies":[{"name":"wp","href":"https:\/\/api.w.org\/{rel}","templated":true}]}}