{"id":625,"date":"2019-04-10T22:52:59","date_gmt":"2019-04-10T22:52:59","guid":{"rendered":"https:\/\/www.seguridadviaip.com.ar\/WP\/?p=625"},"modified":"2019-08-25T14:34:18","modified_gmt":"2019-08-25T14:34:18","slug":"instalacion-de-camaras-de-seguridad-en-colegios","status":"publish","type":"page","link":"https:\/\/www.seguridadviaip.com.ar\/WP\/instalacion-de-camaras-de-seguridad-en-colegios\/","title":{"rendered":"Instalacion de camaras de seguridad en colegios"},"content":{"rendered":"<h2>Sobre la Instalaci\u00f3n de c\u00e1maras de seguridad en colegios y universidades<\/h2>\n<p>Si bien, en este pa\u00eds, no ha habido un aumento significativo en el crimen en general en los colegios o universidades. Tampoco se suceden episodios en donde un individuo abre fuego sobre la poblaci\u00f3n, todav\u00eda hay una serie de lugares donde los estudiantes y el personal est\u00e1n expuestos a incidentes.<br \/>\nA pesar de que algunos pueden objetar una invasi\u00f3n de la privacidad al colocar c\u00e1maras de seguridad en todas partes, existe una manera de aumentar la vigilancia respetando los derechos de todos. La mayor\u00eda de los visitantes de su centro educativo, as\u00ed como sus padres y familias, apreciar\u00e1n tener en cuenta su seguridad.<\/p>\n<p>Si est\u00e1 buscando una soluci\u00f3n de seguridad \u00fatil y disuasiva para su colegio o universidad, estas son las razones por las que debe considerar un sistema de c\u00e1maras de seguridad.<\/p>\n<h3>Delitos menores<\/h3>\n<p>Una de las mejores maneras de reducir la tasa de criminalidad y los robos es tener c\u00e1maras de seguridad visibles en todo el lugar. Cuando los delincuentes creen que existe la posibilidad de ser grabados, es menos probable que cometan un delito.<\/p>\n<p>En lugar de terminar con su cara en todas las noticias, los criminales lo pensar\u00e1n 2 veces<\/p>\n<p>Los v\u00e1ndalos tambi\u00e9n evitar\u00e1n pintar o romper propiedades si ven una c\u00e1mara en el lugar. Colocar\u00a0 c\u00e1maras de seguridad en el espacio interior y exterior le brindar\u00e1 la evidencia que necesita para atrapar a las personas que destruyen su propiedad.<\/p>\n<p><img loading=\"lazy\" decoding=\"async\" class=\"alignnone wp-image-626 size-full\" src=\"https:\/\/www.seguridadviaip.com.ar\/WP\/wp-content\/uploads\/2019\/04\/camaras-de-seguridad-en-colegios.jpg\" alt=\"Instalacion de camaras de seguridad en colegios\" width=\"850\" height=\"567\" srcset=\"https:\/\/www.seguridadviaip.com.ar\/WP\/wp-content\/uploads\/2019\/04\/camaras-de-seguridad-en-colegios.jpg 850w, https:\/\/www.seguridadviaip.com.ar\/WP\/wp-content\/uploads\/2019\/04\/camaras-de-seguridad-en-colegios-300x200.jpg 300w, https:\/\/www.seguridadviaip.com.ar\/WP\/wp-content\/uploads\/2019\/04\/camaras-de-seguridad-en-colegios-768x512.jpg 768w\" sizes=\"auto, (max-width: 850px) 100vw, 850px\" \/><\/p>\n<p>&nbsp;<\/p>\n<p>Tambi\u00e9n podr\u00e1 mantener seguros sus estacionamientos y autom\u00f3viles. Las instalaciones de c\u00e1maras de seguridad para escuelas de alta calidad le permiten identificar marcas y modelos de autom\u00f3viles da\u00f1ados. Con c\u00e1maras de color de calidad, incluso puede atrapar las caras de v\u00e1ndalos que se est\u00e1n introduciendo en los veh\u00edculos.<\/p>\n<h3>Seguridad personal<\/h3>\n<p>Las escuelas y universidades en todos los niveles pueden ser el objetivo de todo tipo de visitantes no deseados o no autorizados. Los estudiantes de todas las edades est\u00e1n acostumbrados a estar entre multitudes de personas que no conocen. Esto los deja vulnerables al crimen.<\/p>\n<p>Si alguien llega a su establecimiento que no pertenece a ese lugar o es un delincuente conocido, puedes detenerlo antes de que se haga el da\u00f1o. Si terminan cometiendo un delito, puede atraparlos y procesarlos.<\/p>\n<p>En cualquier establecimiento, es natural que haya esquinas, entradas o \u00e1reas que son dif\u00edciles de controlar. Tambi\u00e9n puede haber \u00e1reas donde el acceso debe ser limitado por varias razones de seguridad. Aqu\u00ed tambi\u00e9n puede ayudar <a href=\"https:\/\/www.seguridadviaip.com.ar\/WP\/instalacion-de-sistemas-de-control-de-acceso\/\">instalar controles de acceso<\/a>.<\/p>\n<p>&nbsp;<\/p>\n<p>Instalar un sistema de c\u00e1maras de seguridad correcto para las escuelas es importante para monitorear el movimiento que se detecta en un \u00e1rea y registrar los sucesos. Con los sistemas modernos, puede ver lo que sucede en dispositivos m\u00f3viles o tablets. A menudo, estos sistemas pueden activar una alarma que se enviar\u00e1 discretamente a la seguridad o al personal en caso de una intrusi\u00f3n.<\/p>\n<p>Mantenga a las personas fuera de sus \u00e1reas de alta seguridad con un sistema de CCTV instalado y conectado por expertos.<\/p>\n<p>Con un sistema de alta definici\u00f3n, puede monitorear los pasillos ocupados con personas que pasan constantemente. De lo contrario, las caras se desdibujar\u00e1n, lo que dificultar\u00e1 la identificaci\u00f3n de las personas que cometieron delitos en su establecimiento.<\/p>\n<p>Hay muchos casos de vandalismo y robo que ocurren en o cerca de los ba\u00f1os. Si bien es una grave violaci\u00f3n de la privacidad tener c\u00e1maras en los ba\u00f1os, tenerlas cubriendo las entradas de su ba\u00f1o puede ayudar a aumentar la seguridad.<\/p>\n<p>Con los sistemas que pueden manejar muchas horas de almacenamiento de video, puede monitorear y grabar por horas a la vez, manteniendo sus copias de seguridad por meses, m\u00e1s en caso de un incidente.<\/p>\n<h3>Seguridad en la universidad<\/h3>\n<p>La clase m\u00e1s com\u00fan de delitos en los establecimientos universitarios est\u00e1 relacionada con la agresi\u00f3n sexual y el acoso. Tener la capacidad de prevenir un asalto antes de que suceda har\u00e1 que todos los miembros de su comunidad se sientan seguros.<\/p>\n<p>Todos sentir\u00e1n que su identidad y seguridad son respetadas y protegidas cuando exista un buen sistema de seguridad en los terrenos de su escuela.<\/p>\n<h3>Acceso controlado<\/h3>\n<p>Con CCTV para escuelas, puedes prevenir incidentes antes de que ocurran. La seguridad del estudiante puede ser su prioridad n\u00famero uno cuando puede ver a los visitantes antes de que lo vean a usted. Con los \u00faltimos sistemas, puede ver a los visitantes desde cualquier tipo de dispositivo en red o m\u00f3vil.<\/p>\n<p>Es importante vigilar el ingreso y egreso del establecimiento. Es seguro tener c\u00e1maras en todo el per\u00edmetro exterior del edificio para vigilar que ocurre con las entradas y las salidas tanto de los estudiantes, como de cualquier otra persona que se acerque al establecimiento.<\/p>\n<p>Las c\u00e1maras de seguridad tambi\u00e9n pueden ayudar a mejorar la eficiencia de los empleados advirti\u00e9ndolos si se desv\u00edan de sus labores diarias habituales.<\/p>\n","protected":false},"excerpt":{"rendered":"<p>Sobre la Instalaci\u00f3n de c\u00e1maras de seguridad en colegios y universidades Si bien, en este pa\u00eds, no ha habido un aumento significativo en el crimen en general en los colegios o universidades. Tampoco se suceden episodios en donde un individuo<\/p>\n","protected":false},"author":1,"featured_media":626,"parent":0,"menu_order":0,"comment_status":"closed","ping_status":"open","template":"","meta":{"_joinchat":[],"footnotes":""},"class_list":["post-625","page","type-page","status-publish","has-post-thumbnail","hentry"],"jetpack-related-posts":[],"jetpack_sharing_enabled":true,"_links":{"self":[{"href":"https:\/\/www.seguridadviaip.com.ar\/WP\/wp-json\/wp\/v2\/pages\/625","targetHints":{"allow":["GET"]}}],"collection":[{"href":"https:\/\/www.seguridadviaip.com.ar\/WP\/wp-json\/wp\/v2\/pages"}],"about":[{"href":"https:\/\/www.seguridadviaip.com.ar\/WP\/wp-json\/wp\/v2\/types\/page"}],"author":[{"embeddable":true,"href":"https:\/\/www.seguridadviaip.com.ar\/WP\/wp-json\/wp\/v2\/users\/1"}],"replies":[{"embeddable":true,"href":"https:\/\/www.seguridadviaip.com.ar\/WP\/wp-json\/wp\/v2\/comments?post=625"}],"version-history":[{"count":2,"href":"https:\/\/www.seguridadviaip.com.ar\/WP\/wp-json\/wp\/v2\/pages\/625\/revisions"}],"predecessor-version":[{"id":628,"href":"https:\/\/www.seguridadviaip.com.ar\/WP\/wp-json\/wp\/v2\/pages\/625\/revisions\/628"}],"wp:featuredmedia":[{"embeddable":true,"href":"https:\/\/www.seguridadviaip.com.ar\/WP\/wp-json\/wp\/v2\/media\/626"}],"wp:attachment":[{"href":"https:\/\/www.seguridadviaip.com.ar\/WP\/wp-json\/wp\/v2\/media?parent=625"}],"curies":[{"name":"wp","href":"https:\/\/api.w.org\/{rel}","templated":true}]}}