{"id":615,"date":"2019-04-01T22:02:11","date_gmt":"2019-04-01T22:02:11","guid":{"rendered":"https:\/\/www.seguridadviaip.com.ar\/WP\/?p=615"},"modified":"2019-08-25T18:08:16","modified_gmt":"2019-08-25T18:08:16","slug":"instalacion-de-camaras-de-seguridad-en-edificios","status":"publish","type":"page","link":"https:\/\/www.seguridadviaip.com.ar\/WP\/instalacion-de-camaras-de-seguridad-en-edificios\/","title":{"rendered":"Instalaci\u00f3n de c\u00e1maras de seguridad en edificios"},"content":{"rendered":"<h2>Intalaci\u00f3n de c\u00e1maras de seguridad en edificios<\/h2>\n<p>Hoy es muy frecuente ver una instalacion de camaras de seguridad en edificios situadas en cada esquina; C\u00e1maras de seguridad en cada edificio, en \u00e1reas comerciales, etc. Estas se han convertido en uno de los sistemas de seguridad m\u00e1s rentables, casi todas las empresas utilizan c\u00e1maras de seguridad para proteger su propiedad, y hoy en d\u00eda, se est\u00e1n convirtiendo complemento m\u00e1s en los hogares para el cuidado de ni\u00f1os y ancianos.<\/p>\n<h3>A continuaci\u00f3n mencionamos lo que para nosotros son los 5 beneficios principales de instalar c\u00e1maras de seguridad en su hogar o empresa.<\/h3>\n<h3>1. Deducciones del seguro.<\/h3>\n<p>Si bien el desembolso inicial puede parecer elevado sin duda es una ventaja adicional al evaluar su p\u00f3liza de seguro, la seguridad de su propiedad tiene un gran impacto en la cantidad de dinero que pagar\u00e1, por lo que, al tomar medidas para hacer que su propiedad sea m\u00e1s segura y reducir la posibilidad de que esta se da\u00f1e o vandalice, colocar c\u00e1maras de seguridad en su edificio u hogar le permitir\u00e1 a su proveedor de seguros reducir los costos de su p\u00f3liza.<\/p>\n<h3>2. Disuasivo.<\/h3>\n<p>Las c\u00e1maras de seguridad instaladas en edificios y hogares pueden actuar como un gran factor disuasivo para delincuentes, especialmente cuando se trata de delitos planificados previamente. Esto significa que los ladrones tienen muchas menos probabilidades de atacar su hogar, lo que ayuda a mantener sus pertenencias seguras y aumenta la seguridad de su familia. Para aprovechar al m\u00e1ximo su sistema de c\u00e1maras de seguridad, anuncie claramente su presencia en su propiedad para asegurarse de que los hu\u00e9spedes no deseados se mantengan bien alejados.<\/p>\n<p><img loading=\"lazy\" decoding=\"async\" class=\"alignnone wp-image-617 size-full\" src=\"https:\/\/www.seguridadviaip.com.ar\/WP\/wp-content\/uploads\/2019\/04\/instalacion-de-camaras-de-seguridad-en-edificios.jpg\" alt=\"instalacion de camaras de seguridad en edificios\" width=\"800\" height=\"533\" srcset=\"https:\/\/www.seguridadviaip.com.ar\/WP\/wp-content\/uploads\/2019\/04\/instalacion-de-camaras-de-seguridad-en-edificios.jpg 800w, https:\/\/www.seguridadviaip.com.ar\/WP\/wp-content\/uploads\/2019\/04\/instalacion-de-camaras-de-seguridad-en-edificios-300x200.jpg 300w, https:\/\/www.seguridadviaip.com.ar\/WP\/wp-content\/uploads\/2019\/04\/instalacion-de-camaras-de-seguridad-en-edificios-768x512.jpg 768w\" sizes=\"auto, (max-width: 800px) 100vw, 800px\" \/><\/p>\n<h3>3. Control de per\u00edmetro desde la comodidad de su hogar<\/h3>\n<p>Pueden existir varios puntos ciegos alrededor de su casa que no puede ver desde sus ventanas, de modo que si escucha un ruido inusual o le gustar\u00eda tener un poco m\u00e1s de tranquilidad, puede verificar el per\u00edmetro de su propiedad sin tener que salir. Esto no solo es m\u00e1s seguro, sino que tambi\u00e9n es menos estresante. Otro buen uso para las c\u00e1maras de seguridad es usarlo como una mirilla para los hogares sin ellos; si recibe un visitante a altas horas de la noche y no est\u00e1 seguro de qui\u00e9n podr\u00eda ser, puede identificar al visitante sin tener que abrir la puerta. Esto es particularmente \u00fatil para individuos vulnerables como los ancianos.<\/p>\n<h3>4. Puede ayudar a identificar criminales.<\/h3>\n<p>Las c\u00e1maras de seguridad no solo son un sistema preventivo, tambi\u00e9n pueden ayudar a llevar a los criminales a la justicia. Si sucedi\u00f3 lo peor y su propiedad fue robada, da\u00f1ada o destrozada, o si ocurri\u00f3 otro evento criminal en las cercan\u00edas de sus c\u00e1maras de seguridad los videos generados por estas pueden ser entregados a la polic\u00eda para ayudar a encontrar e identificar a los culpables.<\/p>\n<h3>5. Requieren poco mantenimiento<\/h3>\n<p>Otro beneficio fant\u00e1stico de las c\u00e1maras de seguridad sobre muchos otros sistemas es que no requieren casi ning\u00fan mantenimiento. Una vez instalado, puede confiar en ellos para proteger y monitorear su hogar y su familia durante los pr\u00f3ximos a\u00f1os, simplemente requiriendo la limpieza ocasional y el control de un equipo profesional .<\/p>\n<p>&nbsp;<\/p>\n","protected":false},"excerpt":{"rendered":"<p>Intalaci\u00f3n de c\u00e1maras de seguridad en edificios Hoy es muy frecuente ver una instalacion de camaras de seguridad en edificios situadas en cada esquina; C\u00e1maras de seguridad en cada edificio, en \u00e1reas comerciales, etc. Estas se han convertido en uno<\/p>\n","protected":false},"author":1,"featured_media":617,"parent":0,"menu_order":0,"comment_status":"closed","ping_status":"open","template":"","meta":{"jetpack_post_was_ever_published":false,"_joinchat":[],"footnotes":""},"class_list":["post-615","page","type-page","status-publish","has-post-thumbnail","hentry"],"jetpack-related-posts":[],"jetpack_sharing_enabled":true,"_links":{"self":[{"href":"https:\/\/www.seguridadviaip.com.ar\/WP\/wp-json\/wp\/v2\/pages\/615","targetHints":{"allow":["GET"]}}],"collection":[{"href":"https:\/\/www.seguridadviaip.com.ar\/WP\/wp-json\/wp\/v2\/pages"}],"about":[{"href":"https:\/\/www.seguridadviaip.com.ar\/WP\/wp-json\/wp\/v2\/types\/page"}],"author":[{"embeddable":true,"href":"https:\/\/www.seguridadviaip.com.ar\/WP\/wp-json\/wp\/v2\/users\/1"}],"replies":[{"embeddable":true,"href":"https:\/\/www.seguridadviaip.com.ar\/WP\/wp-json\/wp\/v2\/comments?post=615"}],"version-history":[{"count":5,"href":"https:\/\/www.seguridadviaip.com.ar\/WP\/wp-json\/wp\/v2\/pages\/615\/revisions"}],"predecessor-version":[{"id":705,"href":"https:\/\/www.seguridadviaip.com.ar\/WP\/wp-json\/wp\/v2\/pages\/615\/revisions\/705"}],"wp:featuredmedia":[{"embeddable":true,"href":"https:\/\/www.seguridadviaip.com.ar\/WP\/wp-json\/wp\/v2\/media\/617"}],"wp:attachment":[{"href":"https:\/\/www.seguridadviaip.com.ar\/WP\/wp-json\/wp\/v2\/media?parent=615"}],"curies":[{"name":"wp","href":"https:\/\/api.w.org\/{rel}","templated":true}]}}