{"id":48,"date":"2016-10-02T22:32:05","date_gmt":"2016-10-02T22:32:05","guid":{"rendered":"http:\/\/www.seguridadviaip.com.ar\/WP\/?page_id=48"},"modified":"2016-10-30T21:44:17","modified_gmt":"2016-10-30T21:44:17","slug":"videovigilancia-vehicular","status":"publish","type":"page","link":"https:\/\/www.seguridadviaip.com.ar\/WP\/videovigilancia-vehicular\/","title":{"rendered":"Videovigilancia Vehicular"},"content":{"rendered":"<h2>Instalaci\u00f3n de C\u00e1maras de Seguridad en Transporte P\u00fablico<br \/>\nSeg\u00fan Resoluci\u00f3n N\u00b0 374\/14 de la A.P.T.<\/h2>\n<p>A trav\u00e9s de la resoluci\u00f3n <a href=\"http:\/\/www.gob.gba.gov.ar\/legislacion\/legislacion\/r-apt-14-374.html\" target=\"_blank\">Resoluci\u00f3n N\u00b0 374, la APT<\/a>, a partir del 1ero de Enero de 2015, establece la obligatoriedad de incorporar videoc\u00e1maras en el parque m\u00f3vil de las empresas prestatarias del servicio p\u00fablico de autotransporte de pasajeros urbano de corta y media distancia, a fin de mejorar las condiciones de seguridad para los pasajeros y el personal.<\/p>\n<h3>Aspectos Salientes de la Norma<\/h3>\n<p><span style=\"text-decoration: underline;\">ART\u00cdCULO 1\u00b0.<\/span> Establecer la obligatoriedad de incorporar videoc\u00e1maras en el parque m\u00f3vil de las empresas prestatarias del servicio p\u00fablico de autotransporte de pasajeros urbano de corta y media distancia, en un n\u00famero de veh\u00edculos equivalentes a la cantidad de recorridos habilitados que posea cada L\u00ednea, a fin de mejorar las condiciones de seguridad para los pasajeros y el personal. Fijar como fecha l\u00edmite para el cumplimiento de esta obligaci\u00f3n el 1\u00b0 de enero de 2015.<\/p>\n<p><img loading=\"lazy\" decoding=\"async\" class=\"alignnone size-full wp-image-157\" src=\"http:\/\/www.seguridadviaip.com.ar\/WP\/wp-content\/uploads\/2016\/10\/camaras-de-seguridad-para-transporte-de-pasajeros.jpg\" alt=\"camaras-de-seguridad-para-transporte-de-pasajeros\" width=\"736\" height=\"490\" srcset=\"https:\/\/www.seguridadviaip.com.ar\/WP\/wp-content\/uploads\/2016\/10\/camaras-de-seguridad-para-transporte-de-pasajeros.jpg 736w, https:\/\/www.seguridadviaip.com.ar\/WP\/wp-content\/uploads\/2016\/10\/camaras-de-seguridad-para-transporte-de-pasajeros-300x200.jpg 300w\" sizes=\"auto, (max-width: 736px) 100vw, 736px\" \/><br \/>\n<span style=\"text-decoration: underline;\">ART\u00cdCULO 2\u00b0<\/span>. Establecer que todos los veh\u00edculos que se incorporen al parque m\u00f3vil autorizado de las empresas prestatarias del servicio p\u00fablico de autotransporte de pasajeros urbano de corta y media distancia, deber\u00e1n contar con videoc\u00e1maras a partir de la entrada en vigencia de la presente.<\/p>\n<h3><a href=\"http:\/\/www.gob.gba.gov.ar\/legislacion\/legislacion\/r-apt-14-374.html\">Ver resoluci\u00f3n oficial &gt;<\/a><\/h3>\n<p>&nbsp;<\/p>\n","protected":false},"excerpt":{"rendered":"<p>Instalaci\u00f3n de C\u00e1maras de Seguridad en Transporte P\u00fablico Seg\u00fan Resoluci\u00f3n N\u00b0 374\/14 de la A.P.T. A trav\u00e9s de la resoluci\u00f3n Resoluci\u00f3n N\u00b0 374, la APT, a partir del 1ero de Enero de 2015, establece la obligatoriedad de incorporar videoc\u00e1maras en<\/p>\n","protected":false},"author":1,"featured_media":65,"parent":0,"menu_order":0,"comment_status":"closed","ping_status":"closed","template":"","meta":{"_joinchat":[],"footnotes":""},"class_list":["post-48","page","type-page","status-publish","has-post-thumbnail","hentry"],"jetpack-related-posts":[],"jetpack_sharing_enabled":true,"_links":{"self":[{"href":"https:\/\/www.seguridadviaip.com.ar\/WP\/wp-json\/wp\/v2\/pages\/48","targetHints":{"allow":["GET"]}}],"collection":[{"href":"https:\/\/www.seguridadviaip.com.ar\/WP\/wp-json\/wp\/v2\/pages"}],"about":[{"href":"https:\/\/www.seguridadviaip.com.ar\/WP\/wp-json\/wp\/v2\/types\/page"}],"author":[{"embeddable":true,"href":"https:\/\/www.seguridadviaip.com.ar\/WP\/wp-json\/wp\/v2\/users\/1"}],"replies":[{"embeddable":true,"href":"https:\/\/www.seguridadviaip.com.ar\/WP\/wp-json\/wp\/v2\/comments?post=48"}],"version-history":[{"count":4,"href":"https:\/\/www.seguridadviaip.com.ar\/WP\/wp-json\/wp\/v2\/pages\/48\/revisions"}],"predecessor-version":[{"id":159,"href":"https:\/\/www.seguridadviaip.com.ar\/WP\/wp-json\/wp\/v2\/pages\/48\/revisions\/159"}],"wp:featuredmedia":[{"embeddable":true,"href":"https:\/\/www.seguridadviaip.com.ar\/WP\/wp-json\/wp\/v2\/media\/65"}],"wp:attachment":[{"href":"https:\/\/www.seguridadviaip.com.ar\/WP\/wp-json\/wp\/v2\/media?parent=48"}],"curies":[{"name":"wp","href":"https:\/\/api.w.org\/{rel}","templated":true}]}}