{"id":42,"date":"2016-10-02T22:24:07","date_gmt":"2016-10-02T22:24:07","guid":{"rendered":"http:\/\/www.seguridadviaip.com.ar\/WP\/?page_id=42"},"modified":"2016-10-02T23:11:11","modified_gmt":"2016-10-02T23:11:11","slug":"instalacion-de-alarmas-de-intrusion","status":"publish","type":"page","link":"https:\/\/www.seguridadviaip.com.ar\/WP\/instalacion-de-alarmas-de-intrusion\/","title":{"rendered":"Instalaci\u00f3n de Alarmas de Intrusi\u00f3n"},"content":{"rendered":"<p>Instalaci\u00f3n de alarmas alambricas e inalambricas. Activaci\u00f3n y desactivaci\u00f3n desde tel\u00e9fono celular. Soporte y servicio t\u00e9cnico multi-marca: Alonso Hnos, Zuden, Pironyx, X28, DSC. Instalaci\u00f3n de Alarmas Inalambricas en domicilios, countries, empresas, oficinas y dep\u00f3sitos. Los sistemas de comunicaci\u00f3n&#8230;<\/p>\n","protected":false},"excerpt":{"rendered":"<p>Instalaci\u00f3n de alarmas alambricas e inalambricas. Activaci\u00f3n y desactivaci\u00f3n desde tel\u00e9fono celular. Soporte y servicio t\u00e9cnico multi-marca: Alonso Hnos, Zuden, Pironyx, X28, DSC. Instalaci\u00f3n de Alarmas Inalambricas en domicilios, countries, empresas, oficinas y dep\u00f3sitos. Los sistemas de comunicaci\u00f3n&#8230;<\/p>\n","protected":false},"author":1,"featured_media":59,"parent":0,"menu_order":0,"comment_status":"closed","ping_status":"closed","template":"","meta":{"_joinchat":[],"footnotes":""},"class_list":["post-42","page","type-page","status-publish","has-post-thumbnail","hentry"],"jetpack-related-posts":[],"jetpack_sharing_enabled":true,"_links":{"self":[{"href":"https:\/\/www.seguridadviaip.com.ar\/WP\/wp-json\/wp\/v2\/pages\/42","targetHints":{"allow":["GET"]}}],"collection":[{"href":"https:\/\/www.seguridadviaip.com.ar\/WP\/wp-json\/wp\/v2\/pages"}],"about":[{"href":"https:\/\/www.seguridadviaip.com.ar\/WP\/wp-json\/wp\/v2\/types\/page"}],"author":[{"embeddable":true,"href":"https:\/\/www.seguridadviaip.com.ar\/WP\/wp-json\/wp\/v2\/users\/1"}],"replies":[{"embeddable":true,"href":"https:\/\/www.seguridadviaip.com.ar\/WP\/wp-json\/wp\/v2\/comments?post=42"}],"version-history":[{"count":1,"href":"https:\/\/www.seguridadviaip.com.ar\/WP\/wp-json\/wp\/v2\/pages\/42\/revisions"}],"predecessor-version":[{"id":44,"href":"https:\/\/www.seguridadviaip.com.ar\/WP\/wp-json\/wp\/v2\/pages\/42\/revisions\/44"}],"wp:featuredmedia":[{"embeddable":true,"href":"https:\/\/www.seguridadviaip.com.ar\/WP\/wp-json\/wp\/v2\/media\/59"}],"wp:attachment":[{"href":"https:\/\/www.seguridadviaip.com.ar\/WP\/wp-json\/wp\/v2\/media?parent=42"}],"curies":[{"name":"wp","href":"https:\/\/api.w.org\/{rel}","templated":true}]}}