{"id":39,"date":"2016-10-02T22:21:49","date_gmt":"2016-10-02T22:21:49","guid":{"rendered":"http:\/\/www.seguridadviaip.com.ar\/WP\/?page_id=39"},"modified":"2021-05-08T13:05:39","modified_gmt":"2021-05-08T13:05:39","slug":"instalacion-de-sistemas-de-control-de-acceso","status":"publish","type":"page","link":"https:\/\/www.seguridadviaip.com.ar\/WP\/instalacion-de-sistemas-de-control-de-acceso\/","title":{"rendered":"Instalaci\u00f3n de Sistemas de Control de Acceso"},"content":{"rendered":"<div class=\"wpb-content-wrapper\"><p>[vc_row][vc_column][vc_column_text]<\/p>\n<h2>Instalaci\u00f3n de Sistema de Control de Accesos<\/h2>\n<p>Seguridad v\u00eda ip pone a su alcance una soluci\u00f3n integral en instalaci\u00f3n de sistema de control de acceso,\u00a0 tiempo y asistencia de sus empleados.<br \/>\nPor lo tanto le ofrecemos gran variedad de\u00a0equipos de control de asistencia, as\u00ed como la instalaci\u00f3n de los mismos.<\/p>\n<p>Actualmente realizamos todo tipo de instalaciones ya sean locales o remotas; Por ejemplo si el equipo est\u00e1 conectado a Internet.<\/p>\n<p>Instalamos todo tipo de soluciones de control de accesos: terminales de control de acceso de montaje en pared, conectadas directamente a redes TCP\/IP o via Serial, agilizan el proceso de instalaci\u00f3n y minimizan costos.<\/p>\n<p><img loading=\"lazy\" decoding=\"async\" class=\"alignnone wp-image-85 size-full\" title=\"Instalaci\u00f3n de sistemas de control de acceso\" src=\"http:\/\/www.seguridadviaip.com.ar\/WP\/wp-content\/uploads\/2016\/10\/Alquiler-de-controles-de-acceso-3-e1476571306747.jpg\" alt=\"alquiler-de-controles-de-acceso-3\" width=\"790\" height=\"296\" \/><\/p>\n<h2>\u00bfDe donde surge la necesidad de instalar controles de accesos?<\/h2>\n<p>En primer lugar la instalaci\u00f3n de sistema de controles de accesos surge hoy en d\u00eda como consecuencia de la necesidad de proteger instalaciones mediante la actuaci\u00f3n sobre aquellos elementos que pueden originar una amenaza centr\u00e1ndose en las personas y los veh\u00edculos que las trasladan.<\/p>\n<p>Hoy en d\u00eda\u00a0las empresas encuentran entre\u00a0lo m\u00e1s importante ejercer, de manera \u00f3ptima y eficaz, un control de acceso en sus instalaciones. Por lo tanto, en la actualidad, los nuevos sistemas de control de accesos garantizan la seguridad y adem\u00e1s brindan protecci\u00f3n ante cualquier tipo de intrusi\u00f3n a las mismas.<\/p>\n<p>Los sistemas de\u00a0control de acceso o control de asistencia pueden tambi\u00e9n supervisar el horario de llegada y salida de empleados.<\/p>\n<p>Actualmente la innovaci\u00f3n en el campo de las instalaciones de controles de acceso es constante y r\u00e1pida. De acuerdo a los niveles de seguridad que usted requiera, Seguridad v\u00eda ip le ofrece los productos m\u00e1s avanzados en el mercado. Desde tarjetas o tags de proximidad hasta sistemas de reconocimiento de huella dactilar que actualmente es el m\u00e9todo m\u00e1s seguro, eficaz, veloz y con el mejor costo-beneficio en la mayor\u00eda de las aplicaciones.<\/p>\n<p><img loading=\"lazy\" decoding=\"async\" class=\"alignnone size-full wp-image-90\" src=\"http:\/\/www.seguridadviaip.com.ar\/WP\/wp-content\/uploads\/2016\/10\/checkmark_korganizer2.png\" alt=\"checkmark_korganizer2\" width=\"20\" height=\"20\" \/>Control de acceso<br \/>\n<img loading=\"lazy\" decoding=\"async\" class=\"alignnone size-full wp-image-90\" src=\"http:\/\/www.seguridadviaip.com.ar\/WP\/wp-content\/uploads\/2016\/10\/checkmark_korganizer2.png\" alt=\"checkmark_korganizer2\" width=\"20\" height=\"20\" \/>Restringir ingreso a personas,\u00a0veh\u00edculos,\u00a0objetos y materiales<br \/>\n<img loading=\"lazy\" decoding=\"async\" class=\"alignnone size-full wp-image-90\" src=\"http:\/\/www.seguridadviaip.com.ar\/WP\/wp-content\/uploads\/2016\/10\/checkmark_korganizer2.png\" alt=\"checkmark_korganizer2\" width=\"20\" height=\"20\" \/>Detecta y previene robos internos de equipos y activos<br \/>\n<img loading=\"lazy\" decoding=\"async\" class=\"alignnone size-full wp-image-90\" src=\"http:\/\/www.seguridadviaip.com.ar\/WP\/wp-content\/uploads\/2016\/10\/checkmark_korganizer2.png\" alt=\"checkmark_korganizer2\" width=\"20\" height=\"20\" \/>Ayuda en \u00e1reas de recursos humanos y de administraci\u00f3n, recolectando y administrando informaci\u00f3n.<br \/>\n<img loading=\"lazy\" decoding=\"async\" class=\"alignnone size-full wp-image-90\" src=\"http:\/\/www.seguridadviaip.com.ar\/WP\/wp-content\/uploads\/2016\/10\/checkmark_korganizer2.png\" alt=\"checkmark_korganizer2\" width=\"20\" height=\"20\" \/>Permite el control de zonas estrat\u00e9gicas permitiendo una r\u00e1pida reacci\u00f3n ante incidentes.<br \/>\n<img loading=\"lazy\" decoding=\"async\" class=\"alignnone size-full wp-image-90\" src=\"http:\/\/www.seguridadviaip.com.ar\/WP\/wp-content\/uploads\/2016\/10\/checkmark_korganizer2.png\" alt=\"checkmark_korganizer2\" width=\"20\" height=\"20\" \/>Mejora la imagen de su empresa o negocio.<br \/>\n<img loading=\"lazy\" decoding=\"async\" class=\"alignnone size-full wp-image-90\" src=\"http:\/\/www.seguridadviaip.com.ar\/WP\/wp-content\/uploads\/2016\/10\/checkmark_korganizer2.png\" alt=\"checkmark_korganizer2\" width=\"20\" height=\"20\" \/> Aumenta la confianza a terceros.<br \/>\n<img loading=\"lazy\" decoding=\"async\" class=\"alignnone size-full wp-image-90\" src=\"http:\/\/www.seguridadviaip.com.ar\/WP\/wp-content\/uploads\/2016\/10\/checkmark_korganizer2.png\" alt=\"checkmark_korganizer2\" width=\"20\" height=\"20\" \/> Permite una exploraci\u00f3n de datos al instante.<\/p>\n<h2>Soluciones\u00a0en instalaciones de\u00a0control de acceso por Sector<\/h2>\n<p>Para cada sector tenemos una soluci\u00f3n y <a href=\"http:\/\/www.controlesdeacceso.com.ar\/equipos-solo-control-de-acceso\/\" target=\"_blank\" rel=\"noopener noreferrer\">le invitamos a echar un vistazo a los siguientes ejemplos para mayor orientaci\u00f3n:<\/a><\/p>\n<p><a href=\"http:\/\/www.controlesdeacceso.com.ar\/equipos-solo-control-de-acceso\/\" target=\"_blank\" rel=\"noopener noreferrer\"><img loading=\"lazy\" decoding=\"async\" class=\"alignnone wp-image-97 size-full\" title=\"Instalaci\u00f3n de sistemas de control de acceso\" src=\"http:\/\/www.seguridadviaip.com.ar\/WP\/wp-content\/uploads\/2016\/10\/instalacion-y-reparacion-de-control-de-acceso-argentina-e1476572927170.jpg\" alt=\"instalacion-y-reparacion-de-control-de-acceso-argentina\" width=\"550\" height=\"200\" \/><\/a><\/p>\n<p><img loading=\"lazy\" decoding=\"async\" class=\"alignnone size-full wp-image-93\" src=\"http:\/\/www.seguridadviaip.com.ar\/WP\/wp-content\/uploads\/2016\/10\/note2.png\" alt=\"note2\" width=\"32\" height=\"32\" \/>Instalaci\u00f3n de\u00a0Control de acceso para instalaciones deportivas,\u00a0academias y universidades,\u00a0eventos y congresos,hospitales y cl\u00ednicas,\u00a0comercios<\/p>\n<p><img loading=\"lazy\" decoding=\"async\" class=\"alignnone wp-image-100 size-full\" title=\"Instalaci\u00f3n de sistemas de control de acceso\" src=\"http:\/\/www.seguridadviaip.com.ar\/WP\/wp-content\/uploads\/2016\/10\/Instalacion-de-controles-de-acceso-en-capital-federal.jpg\" alt=\"instalacion-de-controles-de-acceso-en-capital-federal\" width=\"240\" height=\"147\" \/>\u00a0 \u00a0 \u00a0\u00a0<img loading=\"lazy\" decoding=\"async\" class=\"alignnone wp-image-101 size-full\" title=\"Instalaci\u00f3n de sistemas de control de acceso\" src=\"http:\/\/www.seguridadviaip.com.ar\/WP\/wp-content\/uploads\/2016\/10\/Instalacion-de-controles-de-acceso-en-buenos-aires.jpg\" alt=\"instalacion-de-controles-de-acceso-en-buenos-aires\" width=\"240\" height=\"191\" \/>\u00a0 \u00a0<img loading=\"lazy\" decoding=\"async\" class=\"alignnone wp-image-102\" title=\"Instalaci\u00f3n de sistemas de control de acceso\" src=\"http:\/\/www.seguridadviaip.com.ar\/WP\/wp-content\/uploads\/2016\/10\/instalacion-de-controles-de-acceso-con-reconocimiento-facial.jpg\" alt=\"instalacion-de-controles-de-acceso-con-reconocimiento-facial\" width=\"209\" height=\"185\" \/><\/p>\n<p><img loading=\"lazy\" decoding=\"async\" class=\"alignnone size-full wp-image-93\" src=\"http:\/\/www.seguridadviaip.com.ar\/WP\/wp-content\/uploads\/2016\/10\/note2.png\" alt=\"note2\" width=\"32\" height=\"32\" \/>Control de Entradas y Salidas<br \/>\n<img loading=\"lazy\" decoding=\"async\" class=\"alignnone size-full wp-image-93\" src=\"http:\/\/www.seguridadviaip.com.ar\/WP\/wp-content\/uploads\/2016\/10\/note2.png\" alt=\"note2\" width=\"32\" height=\"32\" \/>Mayor Seguridad y Control del P\u00fablico<br \/>\n<img loading=\"lazy\" decoding=\"async\" class=\"alignnone size-full wp-image-93\" src=\"http:\/\/www.seguridadviaip.com.ar\/WP\/wp-content\/uploads\/2016\/10\/note2.png\" alt=\"note2\" width=\"32\" height=\"32\" \/>Ahorro en Costos de Personal<br \/>\n<img loading=\"lazy\" decoding=\"async\" class=\"alignnone size-full wp-image-93\" src=\"http:\/\/www.seguridadviaip.com.ar\/WP\/wp-content\/uploads\/2016\/10\/note2.png\" alt=\"note2\" width=\"32\" height=\"32\" \/>R\u00e1pido Retorno de la Inversi\u00f3n<br \/>\n<img loading=\"lazy\" decoding=\"async\" class=\"alignnone size-full wp-image-93\" src=\"http:\/\/www.seguridadviaip.com.ar\/WP\/wp-content\/uploads\/2016\/10\/note2.png\" alt=\"note2\" width=\"32\" height=\"32\" \/>Disminuci\u00f3n en Tiempo de Registro<br \/>\n<img loading=\"lazy\" decoding=\"async\" class=\"alignnone size-full wp-image-93\" src=\"http:\/\/www.seguridadviaip.com.ar\/WP\/wp-content\/uploads\/2016\/10\/note2.png\" alt=\"note2\" width=\"32\" height=\"32\" \/>Mejor Productividad del Personal<br \/>\n<img loading=\"lazy\" decoding=\"async\" class=\"alignnone size-full wp-image-93\" src=\"http:\/\/www.seguridadviaip.com.ar\/WP\/wp-content\/uploads\/2016\/10\/note2.png\" alt=\"note2\" width=\"32\" height=\"32\" \/>Permitir\/Restringir la Apertura de Puertas<br \/>\n<img loading=\"lazy\" decoding=\"async\" class=\"alignnone size-full wp-image-93\" src=\"http:\/\/www.seguridadviaip.com.ar\/WP\/wp-content\/uploads\/2016\/10\/note2.png\" alt=\"note2\" width=\"32\" height=\"32\" \/>Valor Agregado en Modernizaci\u00f3n<\/p>\n<p>&nbsp;[\/vc_column_text][\/vc_column][\/vc_row]<\/p>\n<\/div>","protected":false},"excerpt":{"rendered":"<p>[vc_row][vc_column][vc_column_text] Instalaci\u00f3n de Sistema de Control de Accesos Seguridad v\u00eda ip pone a su alcance una soluci\u00f3n integral en instalaci\u00f3n de sistema de control de acceso,\u00a0 tiempo y asistencia de sus empleados. Por lo tanto le ofrecemos gran variedad de\u00a0equipos<\/p>\n","protected":false},"author":1,"featured_media":64,"parent":0,"menu_order":0,"comment_status":"closed","ping_status":"closed","template":"","meta":{"_joinchat":[],"footnotes":""},"class_list":["post-39","page","type-page","status-publish","has-post-thumbnail","hentry"],"jetpack-related-posts":[],"jetpack_sharing_enabled":true,"_links":{"self":[{"href":"https:\/\/www.seguridadviaip.com.ar\/WP\/wp-json\/wp\/v2\/pages\/39","targetHints":{"allow":["GET"]}}],"collection":[{"href":"https:\/\/www.seguridadviaip.com.ar\/WP\/wp-json\/wp\/v2\/pages"}],"about":[{"href":"https:\/\/www.seguridadviaip.com.ar\/WP\/wp-json\/wp\/v2\/types\/page"}],"author":[{"embeddable":true,"href":"https:\/\/www.seguridadviaip.com.ar\/WP\/wp-json\/wp\/v2\/users\/1"}],"replies":[{"embeddable":true,"href":"https:\/\/www.seguridadviaip.com.ar\/WP\/wp-json\/wp\/v2\/comments?post=39"}],"version-history":[{"count":5,"href":"https:\/\/www.seguridadviaip.com.ar\/WP\/wp-json\/wp\/v2\/pages\/39\/revisions"}],"predecessor-version":[{"id":805,"href":"https:\/\/www.seguridadviaip.com.ar\/WP\/wp-json\/wp\/v2\/pages\/39\/revisions\/805"}],"wp:featuredmedia":[{"embeddable":true,"href":"https:\/\/www.seguridadviaip.com.ar\/WP\/wp-json\/wp\/v2\/media\/64"}],"wp:attachment":[{"href":"https:\/\/www.seguridadviaip.com.ar\/WP\/wp-json\/wp\/v2\/media?parent=39"}],"curies":[{"name":"wp","href":"https:\/\/api.w.org\/{rel}","templated":true}]}}