{"id":36,"date":"2016-10-02T22:15:13","date_gmt":"2016-10-02T22:15:13","guid":{"rendered":"http:\/\/www.seguridadviaip.com.ar\/WP\/?page_id=36"},"modified":"2019-10-29T12:05:31","modified_gmt":"2019-10-29T12:05:31","slug":"instalacion-de-camaras-de-seguridad","status":"publish","type":"page","link":"https:\/\/www.seguridadviaip.com.ar\/WP\/instalacion-de-camaras-de-seguridad\/","title":{"rendered":"Instalaci\u00f3n de C\u00e1maras de seguridad ip"},"content":{"rendered":"<div class=\"wpb-content-wrapper\"><p>[vc_row][vc_column][vc_column_text]<\/p>\n<p style=\"text-align: left;\">En <a href=\"http:\/\/www.seguridadviaip.com\">seguridad v\u00eda ip<\/a> nuestro trabajo consiste en la instalaci\u00f3n de <a href=\"https:\/\/www.seguridadviaip.com.ar\/WP\/camaras-de-seguridad-hd\">c\u00e1maras de seguridad<\/a>, configuraci\u00f3n integraci\u00f3n y puesta en marcha del sistemas de seguridad el\u00e9ctronica<\/p>\n<p style=\"text-align: left;\">Adem\u00e1s de eso soportamos f\u00edsica o remotamente una gran cantidad de sistemas: <a href=\"https:\/\/www.seguridadviaip.com.ar\/WP\/camaras-ip-wifi\">C\u00e1maras IP \/WI FI<\/a>, DVRS y NVRS.<\/p>\n<p style=\"text-align: left;\">Configuramos e instalamos las marcas\u00a0m\u00e1s reconocidas del mercado. C\u00e1maras IP , Dvr y Nvrs. Marcas como Axis, Acti, Foscan, Dahua, Vivotek, Hikvision, Videotronik.<\/p>\n<p style=\"text-align: left;\">Contamos con\u00a0una vasta experiencia en el manejo de estos equipos convirti\u00e9ndonos en uno de los centros de soporte m\u00e1s confiables.<\/p>\n<p style=\"text-align: left;\">Somos elegidos, no solo por empresas y particulares, sino adem\u00e1s por empresas de seguridad e instaladores.<\/p>\n<h2 style=\"text-align: left;\"><\/h2>\n<p>[\/vc_column_text][vc_column_text]<\/p>\n<h2 style=\"text-align: left;\">La\u00a0instalaci\u00f3n de\u00a0c\u00e1maras de seguridad ofrece aplicaciones exitosas en \u00e1mbitos como<\/h2>\n<p>[\/vc_column_text][vc_row_inner][vc_column_inner width=\u00bb1\/2&#8243;][vc_single_image image=\u00bb603&#8243; img_size=\u00bb350&#215;197&#8243; style=\u00bbvc_box_outline\u00bb][vc_column_text]<\/p>\n<h4>GARAGES<\/h4>\n<p>Instalaci\u00f3n de c\u00e1maras de seguridad IP o CCTV en garages, cocheras y estacionamientos. Visualizaci\u00f3n de cocheras con c\u00e1maras de seguridad por Internet. Control de veh\u00edculos con c\u00e1maras IP. desde Internet. Reconocimiento de patentes con c\u00e1maras de seguridad IP..[\/vc_column_text][\/vc_column_inner][vc_column_inner width=\u00bb1\/2&#8243;][vc_single_image image=\u00bb604&#8243; img_size=\u00bb350&#215;197&#8243; style=\u00bbvc_box_outline\u00bb][vc_column_text]<\/p>\n<h4>CENTROS DE SALUD<\/h4>\n<p>Instalaci\u00f3n de c\u00e1maras de seguridad en sanatorios. servicio T\u00e9cnico de c\u00e1maras de seguridad para sanatorios, cl\u00ednicas y hospitales. Instalaci\u00f3n de c\u00e1maras de seguridad en hospitales, sanatorios y cl\u00ednicas, centros de salud. servicio t\u00e9cnico para c\u00e1maras de seguridad en hospitales, cl\u00ednicas y sanatorios[\/vc_column_text][\/vc_column_inner][\/vc_row_inner][vc_row_inner][vc_column_inner width=\u00bb1\/2&#8243;][vc_single_image image=\u00bb600&#8243; img_size=\u00bb350 \u00d7 197&#8243; style=\u00bbvc_box_outline\u00bb][vc_column_text]<\/p>\n<h4>RESTORANTES<\/h4>\n<p>Instalaci\u00f3n de C\u00e1maras de seguridad en bares y restorantes, soporte t\u00e9cnico, servicio t\u00e9cnico remoto, C\u00e1maras IP para caf\u00e9s. Instalaci\u00f3n y soporte t\u00e9cnico de c\u00e1maras de seguridad IP \/ cctv en Restaurantes, patios de comida, caf\u00e9s, panader\u00edas, pancher\u00edas, cherrer\u00edas, bares. C\u00e1maras de seguridad para restoranes, c\u00e1maras ip para bares, servicio t\u00e9cnico, abonos mensuales. Instalaci\u00f3n de c\u00e1maras por Internet para caf\u00e9s, bares,[\/vc_column_text][\/vc_column_inner][vc_column_inner width=\u00bb1\/2&#8243;][vc_single_image image=\u00bb601&#8243; img_size=\u00bb350&#215;197&#8243; style=\u00bbvc_box_outline\u00bb onclick=\u00bbcustom_link\u00bb link=\u00bbhttps:\/\/www.seguridadviaip.com.ar\/WP\/instalacion-de-camaras-de-seguridad-en-edificios\u00bb][vc_column_text]<\/p>\n<h4><a href=\"https:\/\/www.seguridadviaip.com.ar\/WP\/instalacion-de-camaras-de-seguridad-en-edificios\/\">HOGARES<\/a><\/h4>\n<p><a href=\"https:\/\/www.seguridadviaip.com.ar\/WP\/instalacion-de-camaras-de-seguridad-en-edificios\">Instalaci\u00f3n de c\u00e1maras de seguridad y vigilancia en hogares,<\/a> casas de familia, residencias geri\u00e1tricas, countries y casas quintas. Control de ni\u00f1eras y personal dom\u00e9stico con c\u00e1maras desde Internet. C\u00e1maras IP para control de cuidado de bebes. Control para el cuidado de abuelos y gente mayor con c\u00e1maras por Internet.[\/vc_column_text][\/vc_column_inner][\/vc_row_inner][vc_row_inner][vc_column_inner width=\u00bb1\/2&#8243;][vc_single_image image=\u00bb596&#8243; img_size=\u00bb350 \u00d7 197&#8243; style=\u00bbvc_box_outline\u00bb onclick=\u00bbcustom_link\u00bb link=\u00bbhttps:\/\/www.seguridadviaip.com.ar\/WP\/instalacion-de-camaras-de-seguridad-en-colegios\/\u00bb][vc_column_text]<\/p>\n<h4><a href=\"https:\/\/www.seguridadviaip.com.ar\/WP\/instalacion-de-camaras-de-seguridad-en-colegios\/\">COLEGIOS<\/a><\/h4>\n<p>Instalaci\u00f3n de C\u00e1maras de seguridad IP o CCTV en Jardines, guarder\u00edas, colegios secundarios, primarios, privados y estatales. Visualizaci\u00f3n de aulas, pasillos con c\u00e1maras de seguridad desde internet. Instalaci\u00f3n de c\u00e1maras de seguridad en facultades, universidades. Control de alumnos y personal acad\u00e9mico con c\u00e1maras desde Internet.[\/vc_column_text][\/vc_column_inner][vc_column_inner width=\u00bb1\/2&#8243;][vc_single_image image=\u00bb598&#8243; img_size=\u00bb350 \u00d7 197&#8243; style=\u00bbvc_box_outline\u00bb][vc_column_text]<\/p>\n<h4>HOTELES<\/h4>\n<p>Instalaci\u00f3n de C\u00e1maras de seguridad en Hoteles, Residencias, Hoteles alojamientos, Instalaci\u00f3n de c\u00e1maras de seguridad en complejos vacacionales, hostels, caba\u00f1as y casas de veraneo. Reconocimiento de rostro, control de entrada con c\u00e1maras de seguridad desde Internet. Control de empleados y personal de aseo[\/vc_column_text][\/vc_column_inner][\/vc_row_inner][vc_row_inner][vc_column_inner width=\u00bb1\/2&#8243;][vc_single_image image=\u00bb590&#8243; img_size=\u00bb 350 \u00d7 197&#8243; style=\u00bbvc_box_outline\u00bb onclick=\u00bbcustom_link\u00bb link=\u00bbhttps:\/\/www.seguridadviaip.com.ar\/WP\/instalacion-de-camaras-de-seguridad-en-oficinas\/\u00bb][vc_column_text]<\/p>\n<h4><a href=\"https:\/\/www.seguridadviaip.com.ar\/WP\/instalacion-de-camaras-de-seguridad-en-oficinas\/\">COMERCIOS<\/a><\/h4>\n<p>Instalaci\u00f3n de C\u00e1maras de Seguridad IP o CCTV para comercios, shoppings, patio de comidas, restorantes, supermercados locales de ropa, bares y discotecas. Supervisi\u00f3n desde Internet de empleados, mercader\u00eda. Control de Stock, control de personal desde Internet. Control de cajas con c\u00e1maras desde Internet.[\/vc_column_text][\/vc_column_inner][vc_column_inner width=\u00bb1\/2&#8243;][vc_single_image image=\u00bb592&#8243; img_size=\u00bb350&#215;197&#8243; style=\u00bbvc_box_outline\u00bb onclick=\u00bbcustom_link\u00bb link=\u00bbhttps:\/\/www.seguridadviaip.com.ar\/WP\/instalacion-de-camaras-de-seguridad-en-depositos\/\u00bb][vc_column_text]<\/p>\n<h4><a href=\"https:\/\/www.seguridadviaip.com.ar\/WP\/instalacion-de-camaras-de-seguridad-en-depositos\/\">INDUSTRIAS<\/a><\/h4>\n<p>Instalaci\u00f3n de sistema de c\u00e1maras de seguridad IP o CCTV en industrias y f\u00e1bricas, Textiles, automotrices, alimenticias, C\u00e1maras de seguridad en laboratorios, metal\u00fargicas, talleres, Control de procesos de automatizaci\u00f3n con c\u00e1maras de seguridad por Internet. Control de entrada, control de operarios con c\u00e1maras desde Internet.[\/vc_column_text][\/vc_column_inner][\/vc_row_inner][vc_row_inner][vc_column_inner width=\u00bb1\/2&#8243;][vc_single_image image=\u00bb609&#8243; img_size=\u00bb350 \u00d7 197&#8243; style=\u00bbvc_box_outline\u00bb][vc_column_text]<\/p>\n<h4>SALAS DE JUEGOS<\/h4>\n<p>Servicio de Instalaciones profesionales de c\u00e1maras de seguridad IP o CCTV en bingos, salas de juegos de azar, salar de m\u00e1quinas tragamonedas y \u00e1mbitos de recreaci\u00f3n adulta. Conteo de ingresos, reconocimiento de personas y vigilancia remota con c\u00e1maras de seguridad por Internet. Control de accesos con c\u00e1maras IP desde Internet. Reconocimiento de rostros con c\u00e1maras de seguridad IP[\/vc_column_text][\/vc_column_inner][vc_column_inner width=\u00bb1\/2&#8243;][vc_single_image image=\u00bb610&#8243; img_size=\u00bb350&#215;197&#8243; style=\u00bbvc_box_outline\u00bb][vc_column_text]<\/p>\n<h4>SUM, SALONES Y PELOTEROS<\/h4>\n<p>Instalaci\u00f3n de c\u00e1maras de seguridad IP o CCTV en peloteros, salones de juegos de ni\u00f1os, salones de eventos de fiestas y salones SUM de usos m\u00faltiples. Visualizaci\u00f3n de cocheras con c\u00e1maras de seguridad por Internet. Control de salas y recintos con c\u00e1maras IP. desde Internet. Reconocimiento de rostros con c\u00e1maras de seguridad IP.[\/vc_column_text][\/vc_column_inner][\/vc_row_inner][vc_column_text]<\/p>\n<p>[\/vc_column_text][\/vc_column][\/vc_row][vc_row][vc_column][vc_separator][vc_column_text]<\/p>\n<h3>Sistemas de alertas tempranas y monitoreo inteligente<\/h3>\n<p>[\/vc_column_text][vc_column_text]<img loading=\"lazy\" decoding=\"async\" class=\"alignnone size-full wp-image-93\" src=\"https:\/\/www.seguridadviaip.com.ar\/WP\/wp-content\/uploads\/2016\/10\/note2.png\" alt=\"\" width=\"32\" height=\"32\" \/>Buscamos simplificar los tiempos de b\u00fasqueda<\/p>\n<p><img loading=\"lazy\" decoding=\"async\" class=\"alignnone size-full wp-image-93\" src=\"https:\/\/www.seguridadviaip.com.ar\/WP\/wp-content\/uploads\/2016\/10\/note2.png\" alt=\"\" width=\"32\" height=\"32\" \/>Sistema de alerta y b\u00fasqueda resumida<\/p>\n<p>VENTAJAS DEL SISTEMA<\/p>\n<p><img loading=\"lazy\" decoding=\"async\" class=\"alignnone size-full wp-image-90\" src=\"https:\/\/www.seguridadviaip.com.ar\/WP\/wp-content\/uploads\/2016\/10\/checkmark_korganizer2.png\" alt=\"\" width=\"20\" height=\"20\" \/><strong>Detecci\u00f3n de Rostros<\/strong><br \/>\nUtilizado para detectar rostros de la persona aparecida en el video y guardarlos como un \u00edndex de imagenes en miniatura. Es recomendable aplicar esta funci\u00f3n en zonas alrededor de la entrada y salida.<\/p>\n<p><img loading=\"lazy\" decoding=\"async\" class=\"alignnone size-full wp-image-90\" src=\"https:\/\/www.seguridadviaip.com.ar\/WP\/wp-content\/uploads\/2016\/10\/checkmark_korganizer2.png\" alt=\"\" width=\"20\" height=\"20\" \/><strong>Detecci\u00f3n de objetos desatendidos<\/strong><br \/>\nIdeal para seguir objetos desatendidos que aparezcan en una zona de detecci\u00f3n predeterminada. Puede configurar para activar instant\u00e1neamente alarmas tanto pronto como aparezca un objeto inesperado con finalidad de mejorar la seguridad.<\/p>\n<p><strong><img loading=\"lazy\" decoding=\"async\" class=\"alignnone size-full wp-image-90\" src=\"https:\/\/www.seguridadviaip.com.ar\/WP\/wp-content\/uploads\/2016\/10\/checkmark_korganizer2.png\" alt=\"\" width=\"20\" height=\"20\" \/>Detecci\u00f3n de Objetos Desaparecidos<\/strong><br \/>\nEspecialmente \u00fatil para cuidar objetos de mucho valor. Cuando haya perdido un objeto, puede activar alarmas en el acto para llamar la atenci\u00f3n.<\/p>\n<p><strong><img loading=\"lazy\" decoding=\"async\" class=\"alignnone size-full wp-image-90\" src=\"https:\/\/www.seguridadviaip.com.ar\/WP\/wp-content\/uploads\/2016\/10\/checkmark_korganizer2.png\" alt=\"\" width=\"20\" height=\"20\" \/>Contador de personas<\/strong><br \/>\nExcelente soluci\u00f3n para contar personas o objetos que pasen por una zona predeterminada. Esta funci\u00f3n es de mucha utilidad para clientes de tiendas o mercados obteniendo un anal\u00edsis de marketing.<\/p>\n<p>Es un sistema que se basa en la detecci\u00f3n temprana de eventos, a trav\u00e9s de fotos y videos. Resume al m\u00ednimo posible el tiempo de b\u00fasqueda de una acci\u00f3n; en particular como puede ser la apertura de una puerta, el ingreso a un lugar indebido o prohibido para determinadas personas, la apertura de una caja fuerte, la apertura de un Freezer o heladera, o simplemente el cruce de una l\u00ednea para determinar sectores restrictos.<\/p>\n<p>Este sistema no solamente reduce el tiempo de b\u00fasqueda sino tambi\u00e9n, haciendo uso de su alerta temprana, reduce las p\u00e9rdidas monetarias producto de una acci\u00f3n indebida menores que si fuera monitoreado de manera tradicional, (humana), y una vez descubierto el faltante. Generalmente esto ocurre mucho tiempo despu\u00e9s, y a veces no ocurre nunca.<\/p>\n<p>El sistema ofrece la posibilidad de, ante una violaci\u00f3n de zona, o la apertura de una puerta, recibir una alerta a trav\u00e9s de un mail con una fotograf\u00eda de la cara de la persona que viol\u00f3 la zona o abri\u00f3 la puerta. Tambi\u00e9n si se requiere podemos recolectar las fotos de esos eventos con informaci\u00f3n de c\u00e1maras, hora y d\u00eda, en la nube.[\/vc_column_text][vc_video link=\u00bbhttps:\/\/youtu.be\/bNljrS4sa60&#8243;][vc_separator][vc_column_text]<\/p>\n<h3>Conversi\u00f3n de Sistemas Antig\u00fcos de C\u00e1maras Anal\u00f3gicas<br \/>\nUtilice su cableado actual y convierta su sistema en un sistema de c\u00e1maras HD<\/h3>\n<p>Convertimos una instalaci\u00f3n de c\u00e1maras de seguridad tradicional en un sistema\u00a0 HD o\u00a0 FULL HD.\u00a0 Por lo tanto esto le\u00a0permitir\u00e1 obtener una imagen HD (720p), o FULL HD (1080p) utilizando el mismo cableado siempre y cuando este se encuentre en condiciones. (Ver fallas m\u00e1s comunes en los sistemas de cableado).[\/vc_column_text][vc_column_text]Por lo tanto usted tiene que saber es que todos los sistemas anal\u00f3gicos comunes\u00a0\u00a0de c\u00e1maras entregan una imagen que va desde CIF a D1.<br \/>\nEn el gr\u00e1fico anterior\u00a0se puede observar como es la diferencia de detalles que hay entre una grabaci\u00f3n hecha en esos formatos, vs HD, (720p) o FULL HD (1080p).<br \/>\nCambiando equipos y c\u00e1maras sin reemplazar el cableado podremos hacer que su sistema pase de una imagen CIF o D1 a una imagen HD o FULL HD.[\/vc_column_text][vc_gallery interval=\u00bb3&#8243; images=\u00bb80&#8243; img_size=\u00bb 789 \u00d7 444&#8243; onclick=\u00bb\u00bb][\/vc_column][\/vc_row]<\/p>\n<\/div>","protected":false},"excerpt":{"rendered":"<p>[vc_row][vc_column][vc_column_text] En seguridad v\u00eda ip nuestro trabajo consiste en la instalaci\u00f3n de c\u00e1maras de seguridad, configuraci\u00f3n integraci\u00f3n y puesta en marcha del sistemas de seguridad el\u00e9ctronica Adem\u00e1s de eso soportamos f\u00edsica o remotamente una gran cantidad de sistemas: C\u00e1maras IP<\/p>\n","protected":false},"author":1,"featured_media":63,"parent":0,"menu_order":0,"comment_status":"closed","ping_status":"closed","template":"","meta":{"jetpack_post_was_ever_published":false,"_joinchat":[],"footnotes":""},"class_list":["post-36","page","type-page","status-publish","has-post-thumbnail","hentry"],"jetpack-related-posts":[],"jetpack_sharing_enabled":true,"_links":{"self":[{"href":"https:\/\/www.seguridadviaip.com.ar\/WP\/wp-json\/wp\/v2\/pages\/36","targetHints":{"allow":["GET"]}}],"collection":[{"href":"https:\/\/www.seguridadviaip.com.ar\/WP\/wp-json\/wp\/v2\/pages"}],"about":[{"href":"https:\/\/www.seguridadviaip.com.ar\/WP\/wp-json\/wp\/v2\/types\/page"}],"author":[{"embeddable":true,"href":"https:\/\/www.seguridadviaip.com.ar\/WP\/wp-json\/wp\/v2\/users\/1"}],"replies":[{"embeddable":true,"href":"https:\/\/www.seguridadviaip.com.ar\/WP\/wp-json\/wp\/v2\/comments?post=36"}],"version-history":[{"count":5,"href":"https:\/\/www.seguridadviaip.com.ar\/WP\/wp-json\/wp\/v2\/pages\/36\/revisions"}],"predecessor-version":[{"id":711,"href":"https:\/\/www.seguridadviaip.com.ar\/WP\/wp-json\/wp\/v2\/pages\/36\/revisions\/711"}],"wp:featuredmedia":[{"embeddable":true,"href":"https:\/\/www.seguridadviaip.com.ar\/WP\/wp-json\/wp\/v2\/media\/63"}],"wp:attachment":[{"href":"https:\/\/www.seguridadviaip.com.ar\/WP\/wp-json\/wp\/v2\/media?parent=36"}],"curies":[{"name":"wp","href":"https:\/\/api.w.org\/{rel}","templated":true}]}}