{"id":284,"date":"2017-04-09T22:04:19","date_gmt":"2017-04-09T22:04:19","guid":{"rendered":"http:\/\/www.seguridadviaip.com.ar\/WP\/?page_id=284"},"modified":"2019-08-25T18:06:09","modified_gmt":"2019-08-25T18:06:09","slug":"instalacion-camaras-seguridad-teatros","status":"publish","type":"page","link":"https:\/\/www.seguridadviaip.com.ar\/WP\/instalacion-camaras-seguridad-teatros\/","title":{"rendered":"Instalaci\u00f3n de c\u00e1maras de seguridad en teatros: Maipo"},"content":{"rendered":"<div class=\"wpb-content-wrapper\"><p>[vc_row][vc_column][vc_column_text]<\/p>\n<h4>Seguridad Via IP instal\u00f3 las c\u00e1maras de seguridad para el prestigioso Teatro Maipo de Buenos Aires<\/h4>\n<p>[\/vc_column_text][vc_column_text]<img loading=\"lazy\" decoding=\"async\" class=\"alignnone wp-image-288 size-full\" title=\"Instalaci\u00f3n de c\u00e1maras de seguridad en teatros y cines\" src=\"http:\/\/www.seguridadviaip.com.ar\/WP\/wp-content\/uploads\/2017\/04\/maipo.gif\" alt=\"\" width=\"970\" height=\"363\" \/>[\/vc_column_text][vc_row_inner][vc_column_inner width=\u00bb1\/2&#8243;][vc_column_text]<img loading=\"lazy\" decoding=\"async\" class=\"alignnone wp-image-290 size-full\" title=\"Instalaci\u00f3n de c\u00e1maras de seguridad en teatros y cines\" src=\"http:\/\/www.seguridadviaip.com.ar\/WP\/wp-content\/uploads\/2017\/04\/20140516_Teatro_Maipo.jpg\" alt=\"\" width=\"567\" height=\"425\" srcset=\"https:\/\/www.seguridadviaip.com.ar\/WP\/wp-content\/uploads\/2017\/04\/20140516_Teatro_Maipo.jpg 567w, https:\/\/www.seguridadviaip.com.ar\/WP\/wp-content\/uploads\/2017\/04\/20140516_Teatro_Maipo-300x225.jpg 300w\" sizes=\"auto, (max-width: 567px) 100vw, 567px\" \/>[\/vc_column_text][\/vc_column_inner][vc_column_inner width=\u00bb1\/2&#8243;][vc_column_text]<\/p>\n<h5 style=\"text-align: center;\"><strong>Instalaci\u00f3n de C\u00e1maras en el Maipo<\/strong><\/h5>\n<p style=\"text-align: center;\">Este hist\u00f3rico teatro porte\u00f1o confi\u00f3 la instalaci\u00f3n, puesta en marcha y mantenimiento de su <a href=\"http:\/\/www.seguridadviaip.com.ar\/WP\/instalacion-de-camaras-de-seguridad\/\" target=\"_blank\" rel=\"noopener noreferrer\">sistema de c\u00e1maras de seguridad<\/a> a Seguridad V\u00eda IP.<br \/>\nFue una implementaci\u00f3n grande en la que se instalaron c\u00e1maras de seguridad de \u00faltima tecnolog\u00eda para brindar un alto nivel de seguridad en las instalaciones del teatro.<\/p>\n<p style=\"text-align: center;\"><img loading=\"lazy\" decoding=\"async\" class=\"alignnone size-full wp-image-291\" src=\"http:\/\/www.seguridadviaip.com.ar\/WP\/wp-content\/uploads\/2017\/04\/globe1.png\" alt=\"\" width=\"32\" height=\"32\" \/>\u00a0\u00a0<a href=\"http:\/\/maipo.com.ar\/\" target=\"_blank\" rel=\"noopener noreferrer\"><span class=\"Texto_gris2\">Sitio Web del Teatro Maipo<\/span><\/a><\/p>\n<p>[\/vc_column_text][\/vc_column_inner][\/vc_row_inner][\/vc_column][\/vc_row]<\/p>\n<\/div>","protected":false},"excerpt":{"rendered":"<p>[vc_row][vc_column][vc_column_text] Seguridad Via IP instal\u00f3 las c\u00e1maras de seguridad para el prestigioso Teatro Maipo de Buenos Aires [\/vc_column_text][vc_column_text][\/vc_column_text][vc_row_inner][vc_column_inner width=\u00bb1\/2&#8243;][vc_column_text][\/vc_column_text][\/vc_column_inner][vc_column_inner width=\u00bb1\/2&#8243;][vc_column_text] Instalaci\u00f3n de C\u00e1maras en el Maipo Este hist\u00f3rico teatro porte\u00f1o confi\u00f3 la instalaci\u00f3n, puesta en marcha y mantenimiento de su<\/p>\n","protected":false},"author":1,"featured_media":288,"parent":0,"menu_order":0,"comment_status":"closed","ping_status":"closed","template":"","meta":{"jetpack_post_was_ever_published":false,"_joinchat":[],"footnotes":""},"class_list":["post-284","page","type-page","status-publish","has-post-thumbnail","hentry"],"jetpack-related-posts":[],"jetpack_sharing_enabled":true,"_links":{"self":[{"href":"https:\/\/www.seguridadviaip.com.ar\/WP\/wp-json\/wp\/v2\/pages\/284","targetHints":{"allow":["GET"]}}],"collection":[{"href":"https:\/\/www.seguridadviaip.com.ar\/WP\/wp-json\/wp\/v2\/pages"}],"about":[{"href":"https:\/\/www.seguridadviaip.com.ar\/WP\/wp-json\/wp\/v2\/types\/page"}],"author":[{"embeddable":true,"href":"https:\/\/www.seguridadviaip.com.ar\/WP\/wp-json\/wp\/v2\/users\/1"}],"replies":[{"embeddable":true,"href":"https:\/\/www.seguridadviaip.com.ar\/WP\/wp-json\/wp\/v2\/comments?post=284"}],"version-history":[{"count":5,"href":"https:\/\/www.seguridadviaip.com.ar\/WP\/wp-json\/wp\/v2\/pages\/284\/revisions"}],"predecessor-version":[{"id":704,"href":"https:\/\/www.seguridadviaip.com.ar\/WP\/wp-json\/wp\/v2\/pages\/284\/revisions\/704"}],"wp:featuredmedia":[{"embeddable":true,"href":"https:\/\/www.seguridadviaip.com.ar\/WP\/wp-json\/wp\/v2\/media\/288"}],"wp:attachment":[{"href":"https:\/\/www.seguridadviaip.com.ar\/WP\/wp-json\/wp\/v2\/media?parent=284"}],"curies":[{"name":"wp","href":"https:\/\/api.w.org\/{rel}","templated":true}]}}