{"id":176,"date":"2017-02-17T11:58:31","date_gmt":"2017-02-17T11:58:31","guid":{"rendered":"http:\/\/www.seguridadviaip.com.ar\/WP\/?page_id=176"},"modified":"2017-04-09T20:53:22","modified_gmt":"2017-04-09T20:53:22","slug":"quienes-somos","status":"publish","type":"page","link":"https:\/\/www.seguridadviaip.com.ar\/WP\/quienes-somos\/","title":{"rendered":"Quienes Somos"},"content":{"rendered":"<p>Seguridad v\u00eda ip es fundada en el a\u00f1o 2005 por Gabriel Gallardo y Augusto Bevilacqua dos emprendedores que prestaban servicios en el sector IT, (Soporte Inform\u00e1tico y redes).<\/p>\n<p>Inquietos, inconformistas, innovadores , virtudes que hacen que estos j\u00f3venes evolucionen e incorporen tecnolog\u00eda y servicios de manera permanente a la ya larga lista de prestaciones que Seguridad v\u00eda ip tiene para ofrecer. Instalaci\u00f3n y soporte de C\u00e1maras de Seguridad; Instalaci\u00f3n y soporte de controles de acceso; Alarmas; Streaming de video en vivo, son solo algunos de los servicios que se prestan.<\/p>\n<p><img loading=\"lazy\" decoding=\"async\" class=\"alignnone wp-image-186 size-full\" title=\"Soporte t\u00e9cnico de controles de acceso y c\u00e1maras de seguridad. Abonos mensuales, comodatos\" src=\"http:\/\/www.seguridadviaip.com.ar\/WP\/wp-content\/uploads\/2017\/02\/Fundadores.jpg\" alt=\"Soporte t\u00e9cnico de controles de acceso y c\u00e1maras de seguridad. Abonos mensuales, comodatos\" width=\"750\" height=\"246\" srcset=\"https:\/\/www.seguridadviaip.com.ar\/WP\/wp-content\/uploads\/2017\/02\/Fundadores.jpg 750w, https:\/\/www.seguridadviaip.com.ar\/WP\/wp-content\/uploads\/2017\/02\/Fundadores-300x98.jpg 300w\" sizes=\"auto, (max-width: 750px) 100vw, 750px\" \/><\/p>\n<p><span class=\"Titulo2\">Estos j\u00f3venes hacen que Seguridad v\u00eda IP<\/span>\u00a0sea una empresa joven que cuenta con personal profesional con m\u00e1s de 10 a\u00f1os de experiencia en el rubro de la Seguridad Inform\u00e1tica. El entusiasmo y la participaci\u00f3n activa de nuestra gente se han convertido en el motor de nuestro desarrollo para alcanzar nuestra principal meta que es: la satisfacci\u00f3n completa de nuestros clientes.<\/p>\n<p>Nuestro compromiso es satisfacer expectativas con productos amigables y de f\u00e1cil uso. Estamos en constante capacitaci\u00f3n, y siempre buscando innovaciones tecnol\u00f3gicas. Investigamos \u00a0productos de otros fabricantes para asegurarnos que las soluciones que ofrecemos sean siempre la mejor opci\u00f3n en el mercado.<\/p>\n<p>A ra\u00edz de la evoluci\u00f3n constante que presenta la migraci\u00f3n de la tecnolog\u00eda desde lo anal\u00f3gico hacia lo digital y a la necesidad surgida de nuestros clientes y empresas de seguridad, nos vimos ante la situaci\u00f3n de ampliar nuestras prestaciones, no solo por la capacidad y experiencia que nos respalda, sino tambi\u00e9n por un urgente requerimiento de soluciones del segmento de instaladores CCTV (C\u00e1maras anal\u00f3gicas) que normalmente no est\u00e1 familiarizado con las tecnolog\u00edas digitales (redes inform\u00e1ticas) y que no tiene tiempo ni recursos humanos para implementarlas.<\/p>\n<p>Sabemos que los tiempos de respuesta son, a veces, vitales a la hora de recibir una respuesta a sus problemas inform\u00e1ticos o los relacionados con sistemas de seguridad con c\u00e1maras, contamos con una mesa de ayuda on-line para dar curso a sus problemas de manera casi inmediata. Nuestro departamento de soporte remoto esta preparado para atender cualquier tipo de problemas de configuraci\u00f3n que incluyan a computadoras y c\u00e1maras de seguridad.<\/p>\n<p>Por todo lo aqu\u00ed expuesto y por nuestra experiencia estamos en condiciones de brindarle la mejor atenci\u00f3n y asesoramiento que UD. necesite con la flexibilidad con la cual se mueve el sector inform\u00e1tico, adapt\u00e1ndonos y capacit\u00e1ndonos d\u00eda a d\u00eda con el avance tecnol\u00f3gico actual.<\/p>\n","protected":false},"excerpt":{"rendered":"<p>Seguridad v\u00eda ip es fundada en el a\u00f1o 2005 por Gabriel Gallardo y Augusto Bevilacqua dos emprendedores que prestaban servicios en el sector IT, (Soporte Inform\u00e1tico y redes). Inquietos, inconformistas, innovadores , virtudes que hacen que estos j\u00f3venes evolucionen e<\/p>\n","protected":false},"author":1,"featured_media":0,"parent":0,"menu_order":0,"comment_status":"closed","ping_status":"closed","template":"","meta":{"_joinchat":[],"footnotes":""},"class_list":["post-176","page","type-page","status-publish","hentry"],"jetpack-related-posts":[],"jetpack_sharing_enabled":true,"_links":{"self":[{"href":"https:\/\/www.seguridadviaip.com.ar\/WP\/wp-json\/wp\/v2\/pages\/176","targetHints":{"allow":["GET"]}}],"collection":[{"href":"https:\/\/www.seguridadviaip.com.ar\/WP\/wp-json\/wp\/v2\/pages"}],"about":[{"href":"https:\/\/www.seguridadviaip.com.ar\/WP\/wp-json\/wp\/v2\/types\/page"}],"author":[{"embeddable":true,"href":"https:\/\/www.seguridadviaip.com.ar\/WP\/wp-json\/wp\/v2\/users\/1"}],"replies":[{"embeddable":true,"href":"https:\/\/www.seguridadviaip.com.ar\/WP\/wp-json\/wp\/v2\/comments?post=176"}],"version-history":[{"count":5,"href":"https:\/\/www.seguridadviaip.com.ar\/WP\/wp-json\/wp\/v2\/pages\/176\/revisions"}],"predecessor-version":[{"id":251,"href":"https:\/\/www.seguridadviaip.com.ar\/WP\/wp-json\/wp\/v2\/pages\/176\/revisions\/251"}],"wp:attachment":[{"href":"https:\/\/www.seguridadviaip.com.ar\/WP\/wp-json\/wp\/v2\/media?parent=176"}],"curies":[{"name":"wp","href":"https:\/\/api.w.org\/{rel}","templated":true}]}}